{"id":2050,"date":"2022-05-26T18:01:16","date_gmt":"2022-05-26T11:01:16","guid":{"rendered":"https:\/\/nhakhoaquocdat.com\/?page_id=2050"},"modified":"2023-03-10T15:10:20","modified_gmt":"2023-03-10T08:10:20","slug":"nha-khoa-tong-quat","status":"publish","type":"page","link":"https:\/\/nhakhoaquocdat.com\/en\/dich-vu-nha-khoa\/nha-khoa-tong-quat","title":{"rendered":"Nha khoa t\u1ed5ng qu\u00e1t"},"content":{"rendered":"<h1 style=\"text-align: center;\"><strong>NHA KHOA T\u1ed4NG QU\u00c1T<\/strong><\/h1>\r\n<p>Theo nghi\u00ean c\u1ee9u c\u1ee7a b\u1ec7nh vi\u1ec7n r\u0103ng h\u00e0m m\u1eb7t trung \u01b0\u01a1ng c\u00f3 h\u01a1n 90% ng\u01b0\u1eddi Vi\u1ec7t b\u1ecb m\u1eafc ph\u1ea3i c\u00e1c b\u1ec7nh r\u0103ng mi\u1ec7ng. Ch\u00ednh v\u00ec t\u1ec9 l\u1ec7 cao nh\u01b0 v\u1eady n\u00ean ch\u00fang ta c\u00e0ng ph\u1ea3i nghi\u00eam t\u00fac h\u01a1n v\u1edbi s\u1ee9c kh\u1ecfe r\u0103ng mi\u1ec7ng c\u1ee7a b\u1ea3n th\u00e2n v\u00e0 ng\u01b0\u1eddi th\u00e2n xung quanh.Ngo\u00e0i vi\u1ec7c \u0111\u00e1nh r\u0103ng \u0111\u00fang c\u00e1ch m\u1ed7i ng\u00e0y hai l\u1ea7n v\u00e0 n\u00ean s\u1eed d\u1ee5ng ch\u1ec9 nha khoa, ch\u00fang ta n\u00ean kh\u00e1m s\u1ee9c kh\u1ecfe r\u0103ng mi\u1ec7ng \u0111\u1ecbnh k\u1ef3 hai l\u1ea7n m\u1ed7i n\u0103m.\u00a0<\/p>\r\n<h2>V\u00cc SAO C\u1ea6N KH\u00c1M R\u0102NG T\u1ed4NG QU\u00c1T \u0110\u1ecaNH K\u00cc<\/h2>\r\n<p><strong>Kh\u00e1m r\u0103ng t\u1ed5ng qu\u00e1t<\/strong> c\u00f3 \u00fd ngh\u0129a r\u1ea5t quan tr\u1ecdng trong vi\u1ec7c ch\u0103m s\u00f3c v\u00e0 \u0111i\u1ec1u tr\u1ecb r\u0103ng mi\u1ec7ng. Th\u00f4ng qua vi\u1ec7c th\u0103m kh\u00e1m v\u00e0 ki\u1ec3m tra r\u0103ng mi\u1ec7ng, b\u00e1c s\u0129 s\u1ebd x\u00e1c \u0111\u1ecbnh c\u1ee5 th\u1ec3 t\u00ecnh tr\u1ea1ng <strong>s\u1ee9c kh\u1ecfe r\u0103ng mi\u1ec7ng<\/strong> c\u1ee7a t\u1eebng ng\u01b0\u1eddi, qua \u0111\u00f3 s\u1ebd ch\u1ec9 \u0111\u1ecbnh ph\u01b0\u01a1ng ph\u00e1p \u0111i\u1ec1u tr\u1ecb ph\u00f9 h\u1ee3p.<\/p>\r\n<p>Qu\u00e1 tr\u00ecnh \u0103n nhai h\u00e0ng ng\u00e0y s\u1ebd g\u00e2y ra nh\u1eefng t\u00e1c \u0111\u1ed9ng tr\u1ef1c ti\u1ebfp l\u00ean r\u0103ng. N\u1ebfu vi\u1ec7c ch\u0103m s\u00f3c v\u00e0 v\u1ec7 sinh r\u0103ng mi\u1ec7ng kh\u00f4ng t\u1ed1t, r\u1ea5t d\u1ec5 d\u1eabn t\u1edbi vi\u1ec7c h\u00ecnh th\u00e0nh cao r\u0103ng, m\u1ea3ng b\u00e1m, m\u1eafc s\u00e2u r\u0103ng, vi\u00eam nha chu\u2026<\/p>\r\n<p>Kh\u00e1m r\u0103ng t\u1ed5ng qu\u00e1t l\u00e0 c\u00e1ch gi\u00fap ph\u00e1t hi\u1ec7n s\u1edbm c\u00e1c v\u1ea5n \u0111\u1ec1 v\u1ec1 r\u0103ng mi\u1ec7ng, t\u1eeb \u0111\u00f3 c\u00f3 th\u1ec3 can thi\u1ec7p \u0111i\u1ec1u tr\u1ecb s\u1edbm, tr\u00e1nh t\u00ecnh tr\u1ea1ng b\u1ec7nh l\u00fd ho\u1eb7c c\u00e1c sai l\u1ec7ch r\u0103ng nghi\u00eam tr\u1ecdng h\u01a1n. Vi\u1ec7c ph\u00e1t hi\u1ec7n s\u1edbm khi kh\u00e1m t\u1ed5ng qu\u00e1t c\u0169ng gi\u00fap vi\u1ec7c \u0111i\u1ec1u tr\u1ecb nhanh ch\u00f3ng, d\u1ec5 d\u00e0ng h\u01a1n, \u0111em l\u1ea1i hi\u1ec7u qu\u1ea3 v\u00e0 an to\u00e0n cho ng\u01b0\u1eddi b\u1ec7nh.<\/p>\r\n<p><img decoding=\"async\" loading=\"lazy\" class=\"alignnone size-full wp-image-1840\" src=\"https:\/\/nhakhoaquocdat.com\/wp-content\/uploads\/2022\/05\/278878774_292704643033581_4092399518831415544_n.jpg\" alt=\"d\u1ecbch v\u1ee5 nha khoa\" width=\"2048\" height=\"1536\" \/><\/p>\r\n<p>\u0110\u1eb7c bi\u1ec7t, trong b\u1ea5t k\u1ef3 ca \u0111i\u1ec1u tr\u1ecb n\u00e0o kh\u00e1c, vi\u1ec7c th\u0103m kh\u00e1m r\u0103ng t\u1ed5ng qu\u00e1t l\u00e0 b\u01b0\u1edbc \u0111\u1ea7u ti\u00ean nh\u01b0ng l\u1ea1i r\u1ea5t quan tr\u1ecdng. N\u1ebfu b\u1ecf qua vi\u1ec7c n\u00e0y m\u00e0 ti\u1ebfn t\u1edbi \u0111i\u1ec1u tr\u1ecb ngay s\u1ebd kh\u00f3 n\u1eafm r\u00f5 ch\u00ednh x\u00e1c \u0111\u01b0\u1ee3c t\u00ecnh tr\u1ea1ng, m\u1ee9c \u0111\u1ed9 v\u00e0 v\u1ea5n \u0111\u1ec1 c\u1ea7n gi\u1ea3i quy\u1ebft, kh\u00f4ng ch\u1ec9 \u1ea3nh h\u01b0\u1edfng t\u1edbi k\u1ebft qu\u1ea3 \u0111i\u1ec1u tr\u1ecb m\u00e0 c\u00f2n c\u00f3 nguy c\u01a1 bi\u1ebfn ch\u1ee9ng, sai s\u00f3t, nguy hi\u1ec3m cho b\u1ec7nh nh\u00e2n.<\/p>\r\n<p>Ch\u0103m s\u00f3c s\u1ee9c kh\u1ecfe r\u0103ng mi\u1ec7ng l\u00e0 \u0111i\u1ec1u m\u00e0 b\u1ea1n c\u1ea7n ph\u1ea3i l\u00e0m th\u01b0\u1eddng xuy\u00ean v\u00e0 \u0111\u1ecbnh k\u1ef3. Theo c\u00e1c B\u00e1c s\u0129 \u1edf Nha Khoa Qu\u1ed1c \u0110\u1ea1t th\u00ec trung b\u00ecnh 6 th\u00e1ng m\u1ed9t l\u1ea7n b\u1ea1n n\u00ean \u0111i ki\u1ec3m tra v\u00e0 th\u0103m kh\u00e1m nha khoa t\u1ed5ng qu\u00e1t m\u1ed9t l\u1ea7n. Qua th\u0103m kh\u00e1m, b\u00e1c s\u0129 s\u1ebd bi\u1ebft \u0111\u01b0\u1ee3c t\u00ecnh s\u1ee9c kh\u1ecfe r\u0103ng mi\u1ec7ng c\u1ee7a b\u1ea1n \u1edf m\u1ee9c \u0111\u1ed9 n\u00e0o t\u1eeb \u0111\u00f3 ch\u1ec9 \u0111\u1ecbnh ph\u01b0\u01a1ng ph\u00e1p \u0111i\u1ec1u tr\u1ecb \u0111\u1ec3 c\u00f3 h\u00e0m r\u0103ng kh\u1ecfe m\u1ea1nh, \u0103n nhai t\u1ed1t v\u00e0 th\u1ea9m m\u1ef9.<\/p>\r\n<p>C\u00e1c <strong>d\u1ecbch v\u1ee5 nha khoa<\/strong> t\u1ed5ng qu\u00e1t t\u1ea1i Nha khoa Qu\u1ed1c \u0110\u1ea1t bao g\u1ed3m: ki\u1ec3m tra r\u0103ng mi\u1ec7ng, l\u1ea5y cao r\u0103ng, \u0111i\u1ec1u tr\u1ecb h\u00f4i mi\u1ec7ng, nh\u1ed5 r\u0103ng v\u00e0 \u0111i\u1ec1u tr\u1ecb b\u1ec7nh l\u00fd r\u0103ng mi\u1ec7ng nh\u01b0 s\u00e2u r\u0103ng, vi\u00eam t\u1ee7y, vi\u00eam nha chu\u2026<\/p>\r\n<ul>\r\n<li>C\u1ea1o v\u00f4i r\u0103ng<\/li>\r\n<\/ul>\r\n<p>V\u00f4i r\u0103ng l\u00e0 c\u00e1c m\u1ea3ng b\u00e1m t\u00edch t\u1ee5 l\u00e2u ng\u00e0y \u1edf v\u1ecb tr\u00ed c\u00e1c k\u1ebd r\u0103ng, d\u01b0\u1edbi n\u01b0\u1edbu, l\u00e0 1 trong nh\u1eefng nguy\u00ean nh\u00e2n g\u00e2y ra c\u00e1c b\u1ec7nh nh\u01b0 s\u00e2u r\u0103ng, nha chu, vi\u00eam n\u01b0\u1edbu.<\/p>\r\n<ul>\r\n<li>Vi\u00eam nha chu<\/li>\r\n<\/ul>\r\n<p>V\u00f4i r\u0103ng l\u00e2u ng\u00e0y l\u00e0m cho n\u01b0\u1edbu b\u1ecb vi\u00eam v\u00e0 s\u01b0ng l\u00ean g\u00e2y c\u00e1c b\u1ec7nh v\u1ec1 n\u01b0\u1edbu, ti\u1ebfn tri\u1ec3n n\u1eb7ng h\u01a1n s\u1ebd th\u00e0nh vi\u00eam nha chu &#8211; 1 trong nh\u1eefng nguy\u00ean nh\u00e2n l\u1edbn nh\u1ea5t g\u00e2y ra m\u1ea5t r\u0103ng \u1edf ng\u01b0\u1eddi l\u1edbn.<\/p>\r\n<ul>\r\n<li>Tr\u00e1m r\u0103ng<\/li>\r\n<\/ul>\r\n<p>Tr\u00e1m r\u0103ng l\u00e0 \u0111i\u1ec1u tr\u1ecb ph\u1ee5c h\u1ed3i ch\u1ee9c n\u0103ng v\u00e0 th\u1ea9m m\u1ef9 cho r\u0103ng b\u1ecb m\u1ea5t c\u1ea5u tr\u00fac th\u01b0\u1eddng do s\u00e2u r\u0103ng, v\u1ee1 do ch\u1ea5n th\u01b0\u01a1ng ho\u1eb7c m\u00f2n r\u0103ng<\/p>\r\n<ul>\r\n<li>\u0110i\u1ec1u tr\u1ecb tu\u1ef7<\/li>\r\n<\/ul>\r\n<p>Ch\u1eefa tu\u1ef7 l\u00e0 th\u1ee7 thu\u1eadt nh\u1eb1m lo\u1ea1i b\u1ecf c\u00e1c nhi\u1ec5m tr\u00f9ng trong \u1ed1ng tu\u1ef7 \u0111\u1ed1i v\u1edbi c\u00e1c r\u0103ng s\u00e2u \u0111\u1ebfn tu\u1ef7 ho\u1eb7c c\u00e1c r\u0103ng do ch\u1ea5n th\u01b0\u01a1ng l\u00e0m l\u1ed9 tu\u1ef7.<\/p>\r\n<ul>\r\n<li>Nh\u1ed5 r\u0103ng\u00a0<\/li>\r\n<\/ul>\r\n<p>Bao g\u1ed3m c\u00e1c th\u1ee7 thu\u1eadt nh\u1ed5 r\u0103ng th\u01b0\u1eddng c\u00f3 ch\u1ec9 \u0111\u1ecbnh nh\u1ed5 do s\u00e2u, vi\u00eam ph\u1ee5c v\u1ee5 \u0111i\u1ec1u tr\u1ecb kh\u00e1c, ho\u1eb7c nh\u1ed5 r\u0103ng kh\u00f4n do m\u1ecdc l\u1ec7ch, m\u1ecdc ng\u1ea7m.<\/p>","protected":false},"excerpt":{"rendered":"<p>NHA KHOA T\u1ed4NG QU\u00c1T Theo nghi\u00ean c\u1ee9u c\u1ee7a b\u1ec7nh vi\u1ec7n r\u0103ng h\u00e0m m\u1eb7t trung \u01b0\u01a1ng c\u00f3 h\u01a1n 90% ng\u01b0\u1eddi Vi\u1ec7t b\u1ecb m\u1eafc ph\u1ea3i c\u00e1c b\u1ec7nh r\u0103ng mi\u1ec7ng. Ch\u00ednh v\u00ec t\u1ec9 l\u1ec7 cao nh\u01b0 v\u1eady n\u00ean ch\u00fang ta c\u00e0ng ph\u1ea3i nghi\u00eam t\u00fac h\u01a1n v\u1edbi s\u1ee9c kh\u1ecfe r\u0103ng mi\u1ec7ng c\u1ee7a b\u1ea3n th\u00e2n v\u00e0 ng\u01b0\u1eddi th\u00e2n xung quanh.Ngo\u00e0i&#8230;<\/p>","protected":false},"author":6,"featured_media":0,"parent":1701,"menu_order":0,"comment_status":"closed","ping_status":"closed","template":"","meta":[],"acf":[],"yoast_head":"<!-- This site is optimized with the Yoast SEO plugin v20.3 - https:\/\/yoast.com\/wordpress\/plugins\/seo\/ -->\n<title>D\u1ecbch v\u1ee5 nha khoa t\u1ed5ng qu\u00e1t t\u1ea1i Nha khoa Qu\u1ed1c \u0110\u1ea1t<\/title>\n<meta name=\"description\" content=\"L\u1ef1a ch\u1ecdn d\u1ecbch v\u1ee5 nha khoa t\u1ed5ng qu\u00e1t t\u1ea1i nha khoa Qu\u1ed1c \u0110\u1ea1t \u0111\u1ec3 \u0111\u01b0\u1ee3c ch\u0103m s\u00f3c s\u1ee9c kho\u1ebb r\u0103ng mi\u1ec7ng t\u1ed1t nh\u1ea5t\" \/>\n<meta name=\"robots\" content=\"index, follow, max-snippet:-1, max-image-preview:large, max-video-preview:-1\" \/>\n<link rel=\"canonical\" href=\"https:\/\/nhakhoaquocdat.com\/en\/dich-vu-nha-khoa\/nha-khoa-tong-quat\/\" \/>\n<meta property=\"og:locale\" content=\"en_US\" \/>\n<meta property=\"og:type\" content=\"article\" \/>\n<meta property=\"og:title\" content=\"D\u1ecbch v\u1ee5 nha khoa t\u1ed5ng qu\u00e1t t\u1ea1i Nha khoa Qu\u1ed1c \u0110\u1ea1t\" \/>\n<meta property=\"og:description\" content=\"L\u1ef1a ch\u1ecdn d\u1ecbch v\u1ee5 nha khoa t\u1ed5ng qu\u00e1t t\u1ea1i nha khoa Qu\u1ed1c \u0110\u1ea1t \u0111\u1ec3 \u0111\u01b0\u1ee3c ch\u0103m s\u00f3c s\u1ee9c kho\u1ebb r\u0103ng mi\u1ec7ng t\u1ed1t nh\u1ea5t\" \/>\n<meta property=\"og:url\" content=\"https:\/\/nhakhoaquocdat.com\/en\/dich-vu-nha-khoa\/nha-khoa-tong-quat\/\" \/>\n<meta property=\"og:site_name\" content=\"Ph\u00f2ng kh\u00e1m Nha khoa Qu\u1ed1c \u0110\u1ea1t\" \/>\n<meta property=\"article:modified_time\" content=\"2023-03-10T08:10:20+00:00\" \/>\n<meta property=\"og:image\" content=\"https:\/\/nhakhoaquocdat.com\/wp-content\/uploads\/2022\/05\/278878774_292704643033581_4092399518831415544_n.jpg\" \/>\n<meta name=\"twitter:card\" content=\"summary_large_image\" \/>\n<script type=\"application\/ld+json\" class=\"yoast-schema-graph\">{\"@context\":\"https:\/\/schema.org\",\"@graph\":[{\"@type\":\"WebPage\",\"@id\":\"https:\/\/nhakhoaquocdat.com\/dich-vu-nha-khoa\/nha-khoa-tong-quat\",\"url\":\"https:\/\/nhakhoaquocdat.com\/dich-vu-nha-khoa\/nha-khoa-tong-quat\",\"name\":\"D\u1ecbch v\u1ee5 nha khoa t\u1ed5ng qu\u00e1t t\u1ea1i Nha khoa Qu\u1ed1c \u0110\u1ea1t\",\"isPartOf\":{\"@id\":\"https:\/\/nhakhoaquocdat.com\/#website\"},\"datePublished\":\"2022-05-26T11:01:16+00:00\",\"dateModified\":\"2023-03-10T08:10:20+00:00\",\"description\":\"L\u1ef1a ch\u1ecdn d\u1ecbch v\u1ee5 nha khoa t\u1ed5ng qu\u00e1t t\u1ea1i nha khoa Qu\u1ed1c \u0110\u1ea1t \u0111\u1ec3 \u0111\u01b0\u1ee3c ch\u0103m s\u00f3c s\u1ee9c kho\u1ebb r\u0103ng mi\u1ec7ng t\u1ed1t nh\u1ea5t\",\"breadcrumb\":{\"@id\":\"https:\/\/nhakhoaquocdat.com\/dich-vu-nha-khoa\/nha-khoa-tong-quat#breadcrumb\"},\"inLanguage\":\"en-US\",\"potentialAction\":[{\"@type\":\"ReadAction\",\"target\":[\"https:\/\/nhakhoaquocdat.com\/dich-vu-nha-khoa\/nha-khoa-tong-quat\"]}]},{\"@type\":\"BreadcrumbList\",\"@id\":\"https:\/\/nhakhoaquocdat.com\/dich-vu-nha-khoa\/nha-khoa-tong-quat#breadcrumb\",\"itemListElement\":[{\"@type\":\"ListItem\",\"position\":1,\"name\":\"Trang ch\u1ee7\",\"item\":\"https:\/\/nhakhoaquocdat.com\/\"},{\"@type\":\"ListItem\",\"position\":2,\"name\":\"D\u1ecbch v\u1ee5 nha khoa\",\"item\":\"https:\/\/nhakhoaquocdat.com\/dich-vu-nha-khoa\"},{\"@type\":\"ListItem\",\"position\":3,\"name\":\"Nha khoa t\u1ed5ng qu\u00e1t\"}]},{\"@type\":\"WebSite\",\"@id\":\"https:\/\/nhakhoaquocdat.com\/#website\",\"url\":\"https:\/\/nhakhoaquocdat.com\/\",\"name\":\"Ph\u00f2ng kh\u00e1m Nha khoa Qu\u1ed1c \u0110\u1ea1t\",\"description\":\"Trao ni\u1ec1m tin, Tr\u1ecdn n\u1ee5 c\u01b0\u1eddi\",\"potentialAction\":[{\"@type\":\"SearchAction\",\"target\":{\"@type\":\"EntryPoint\",\"urlTemplate\":\"https:\/\/nhakhoaquocdat.com\/?s={search_term_string}\"},\"query-input\":\"required name=search_term_string\"}],\"inLanguage\":\"en-US\"}]}<\/script>\n<!-- \/ Yoast SEO plugin. -->","yoast_head_json":{"title":"D\u1ecbch v\u1ee5 nha khoa t\u1ed5ng qu\u00e1t t\u1ea1i Nha khoa Qu\u1ed1c \u0110\u1ea1t","description":"L\u1ef1a ch\u1ecdn d\u1ecbch v\u1ee5 nha khoa t\u1ed5ng qu\u00e1t t\u1ea1i nha khoa Qu\u1ed1c \u0110\u1ea1t \u0111\u1ec3 \u0111\u01b0\u1ee3c ch\u0103m s\u00f3c s\u1ee9c kho\u1ebb r\u0103ng mi\u1ec7ng t\u1ed1t nh\u1ea5t","robots":{"index":"index","follow":"follow","max-snippet":"max-snippet:-1","max-image-preview":"max-image-preview:large","max-video-preview":"max-video-preview:-1"},"canonical":"https:\/\/nhakhoaquocdat.com\/en\/dich-vu-nha-khoa\/nha-khoa-tong-quat\/","og_locale":"en_US","og_type":"article","og_title":"D\u1ecbch v\u1ee5 nha khoa t\u1ed5ng qu\u00e1t t\u1ea1i Nha khoa Qu\u1ed1c \u0110\u1ea1t","og_description":"L\u1ef1a ch\u1ecdn d\u1ecbch v\u1ee5 nha khoa t\u1ed5ng qu\u00e1t t\u1ea1i nha khoa Qu\u1ed1c \u0110\u1ea1t \u0111\u1ec3 \u0111\u01b0\u1ee3c ch\u0103m s\u00f3c s\u1ee9c kho\u1ebb r\u0103ng mi\u1ec7ng t\u1ed1t nh\u1ea5t","og_url":"https:\/\/nhakhoaquocdat.com\/en\/dich-vu-nha-khoa\/nha-khoa-tong-quat\/","og_site_name":"Ph\u00f2ng kh\u00e1m Nha khoa Qu\u1ed1c \u0110\u1ea1t","article_modified_time":"2023-03-10T08:10:20+00:00","og_image":[{"url":"https:\/\/nhakhoaquocdat.com\/wp-content\/uploads\/2022\/05\/278878774_292704643033581_4092399518831415544_n.jpg"}],"twitter_card":"summary_large_image","schema":{"@context":"https:\/\/schema.org","@graph":[{"@type":"WebPage","@id":"https:\/\/nhakhoaquocdat.com\/dich-vu-nha-khoa\/nha-khoa-tong-quat","url":"https:\/\/nhakhoaquocdat.com\/dich-vu-nha-khoa\/nha-khoa-tong-quat","name":"D\u1ecbch v\u1ee5 nha khoa t\u1ed5ng qu\u00e1t t\u1ea1i Nha khoa Qu\u1ed1c \u0110\u1ea1t","isPartOf":{"@id":"https:\/\/nhakhoaquocdat.com\/#website"},"datePublished":"2022-05-26T11:01:16+00:00","dateModified":"2023-03-10T08:10:20+00:00","description":"L\u1ef1a ch\u1ecdn d\u1ecbch v\u1ee5 nha khoa t\u1ed5ng qu\u00e1t t\u1ea1i nha khoa Qu\u1ed1c \u0110\u1ea1t \u0111\u1ec3 \u0111\u01b0\u1ee3c ch\u0103m s\u00f3c s\u1ee9c kho\u1ebb r\u0103ng mi\u1ec7ng t\u1ed1t nh\u1ea5t","breadcrumb":{"@id":"https:\/\/nhakhoaquocdat.com\/dich-vu-nha-khoa\/nha-khoa-tong-quat#breadcrumb"},"inLanguage":"en-US","potentialAction":[{"@type":"ReadAction","target":["https:\/\/nhakhoaquocdat.com\/dich-vu-nha-khoa\/nha-khoa-tong-quat"]}]},{"@type":"BreadcrumbList","@id":"https:\/\/nhakhoaquocdat.com\/dich-vu-nha-khoa\/nha-khoa-tong-quat#breadcrumb","itemListElement":[{"@type":"ListItem","position":1,"name":"Trang ch\u1ee7","item":"https:\/\/nhakhoaquocdat.com\/"},{"@type":"ListItem","position":2,"name":"D\u1ecbch v\u1ee5 nha khoa","item":"https:\/\/nhakhoaquocdat.com\/dich-vu-nha-khoa"},{"@type":"ListItem","position":3,"name":"Nha khoa t\u1ed5ng qu\u00e1t"}]},{"@type":"WebSite","@id":"https:\/\/nhakhoaquocdat.com\/#website","url":"https:\/\/nhakhoaquocdat.com\/","name":"Ph\u00f2ng kh\u00e1m Nha khoa Qu\u1ed1c \u0110\u1ea1t","description":"Trao ni\u1ec1m tin, Tr\u1ecdn n\u1ee5 c\u01b0\u1eddi","potentialAction":[{"@type":"SearchAction","target":{"@type":"EntryPoint","urlTemplate":"https:\/\/nhakhoaquocdat.com\/?s={search_term_string}"},"query-input":"required name=search_term_string"}],"inLanguage":"en-US"}]}},"_links":{"self":[{"href":"https:\/\/nhakhoaquocdat.com\/en\/wp-json\/wp\/v2\/pages\/2050"}],"collection":[{"href":"https:\/\/nhakhoaquocdat.com\/en\/wp-json\/wp\/v2\/pages"}],"about":[{"href":"https:\/\/nhakhoaquocdat.com\/en\/wp-json\/wp\/v2\/types\/page"}],"author":[{"embeddable":true,"href":"https:\/\/nhakhoaquocdat.com\/en\/wp-json\/wp\/v2\/users\/6"}],"replies":[{"embeddable":true,"href":"https:\/\/nhakhoaquocdat.com\/en\/wp-json\/wp\/v2\/comments?post=2050"}],"version-history":[{"count":4,"href":"https:\/\/nhakhoaquocdat.com\/en\/wp-json\/wp\/v2\/pages\/2050\/revisions"}],"predecessor-version":[{"id":2337,"href":"https:\/\/nhakhoaquocdat.com\/en\/wp-json\/wp\/v2\/pages\/2050\/revisions\/2337"}],"up":[{"embeddable":true,"href":"https:\/\/nhakhoaquocdat.com\/en\/wp-json\/wp\/v2\/pages\/1701"}],"wp:attachment":[{"href":"https:\/\/nhakhoaquocdat.com\/en\/wp-json\/wp\/v2\/media?parent=2050"}],"curies":[{"name":"wp","href":"https:\/\/api.w.org\/{rel}","templated":true}]}}