{"id":2046,"date":"2022-05-26T18:00:29","date_gmt":"2022-05-26T11:00:29","guid":{"rendered":"https:\/\/nhakhoaquocdat.com\/?page_id=2046"},"modified":"2023-03-10T17:31:17","modified_gmt":"2023-03-10T10:31:17","slug":"chinh-nha-mac-cai","status":"publish","type":"page","link":"https:\/\/nhakhoaquocdat.com\/en\/dich-vu-nha-khoa\/chinh-nha-mac-cai","title":{"rendered":"Ch\u1ec9nh nha m\u1eafc c\u00e0i"},"content":{"rendered":"<h1 style=\"text-align: center;\"><strong>CH\u1ec8NH NHA B\u1eb0NG M\u1eaeC C\u00c0I<\/strong><\/h1>\n<p>R\u0103ng v\u1ec1 c\u01a1 b\u1ea3n \u0111\u01b0\u1ee3c bao b\u1ecdc b\u1edfi c\u00e1c t\u1ed5 ch\u1ee9c nha chu bao g\u1ed3m d\u00e2y ch\u1eb1ng nha chu, x\u01b0\u01a1ng \u1ed5 r\u0103ng v\u00e0 n\u01b0\u1edbu r\u0103ng. Khi <b>ni\u1ec1ng r\u0103ng<\/b>, c\u00e1c kh\u00ed c\u1ee5 s\u1ebd t\u00e1c \u0111\u1ed9ng l\u1ef1c l\u00ean r\u0103ng, t\u1eeb \u0111\u00f3 l\u00e0m d\u00e2y ch\u1eb1ng nha chu s\u1ebd b\u1ecb k\u00e9o d\u00e3n m\u1ed9t b\u00ean v\u00e0 b\u1ecb n\u00e9n l\u1ea1i m\u1ed9t b\u00ean, r\u0103ng s\u1ebd b\u1eaft \u0111\u1ea7u d\u1ecbch chuy\u1ec3n, do \u0111\u00f3 s\u1ebd t\u00e1c \u0111\u1ed9ng l\u1ef1c l\u00ean x\u01b0\u01a1ng \u1ed5 r\u0103ng. Ph\u1ea7n x\u01b0\u01a1ng b\u1ecb n\u00e9n s\u1ebd ti\u00eau b\u1edbt v\u00e0 ph\u1ea7n thi\u1ebfu h\u1ed5ng do r\u0103ng di chuy\u1ec3n t\u1ef1 d\u00e0y l\u00ean \u0111\u1ec3 h\u1ed7 tr\u1ee3 n\u00e2ng \u0111\u1ee1 r\u0103ng \u1edf v\u1ecb tr\u00ed m\u1edbi. Qu\u00e1 tr\u00ecnh n\u00e0y \u0111\u01b0\u1ee3c g\u1ecdi l\u00e0 qu\u00e1 tr\u00ecnh t\u1ef1 ti\u00eau x\u01b0\u01a1ng v\u00e0 b\u1ed3i \u0111\u1eafp x\u01b0\u01a1ng.<\/p>\n<p>Qu\u00e1 tr\u00ecnh n\u00e0y \u0111\u01b0\u1ee3c th\u1ef1c hi\u1ec7n b\u1eb1ng vi\u1ec7c ni\u1ec1ng r\u0103ng. <b>Ni\u1ec1ng r\u0103ng kim lo\u1ea1i<\/b> c\u00f3 th\u1ec3 n\u1eafn ch\u1ec9nh th\u1eb3ng r\u0103ng b\u1eb1ng vi\u1ec7c s\u1eed d\u1ee5ng c\u00e1c m\u1eafc c\u00e0i kim lo\u1ea1i v\u00e0 d\u00e2y cung. D\u00e2y cung kim lo\u1ea1i s\u1ebd t\u00e1c \u0111\u1ed9ng l\u1ef1c l\u00ean m\u1eafc c\u00e0i v\u00e0 r\u0103ng l\u00e0m d\u1ecbch chuy\u1ec3n r\u0103ng v\u1ec1 v\u1ecb tr\u00ed mong mu\u1ed1n. C\u00e1c lo\u1ea1i thun, l\u00f2 xo \u0111\u01b0\u1ee3c s\u1eed d\u1ee5ng \u0111\u1ec3 t\u00e1c \u0111\u1ed9ng l\u1ef1c l\u00ean r\u0103ng theo c\u00e1c h\u01b0\u1edbng nh\u1ea5t \u0111\u1ecbnh. Qu\u00e1 tr\u00ecnh<b> ni\u1ec1ng r\u0103ng<\/b> l\u00e0 m\u1ed9t qu\u00e1 tr\u00ecnh t\u00e1c \u0111\u1ed9ng li\u00ean t\u1ee5c l\u1ef1c l\u00ean r\u0103ng gi\u00fap k\u00e9o r\u0103ng v\u1ec1 v\u1ecb tr\u00ed mong mu\u1ed1n m\u1ed9t c\u00e1ch t\u1eeb t\u1eeb.<\/p>\n<p><img decoding=\"async\" loading=\"lazy\" class=\"aligncenter wp-image-2342 size-full\" src=\"https:\/\/nhakhoaquocdat.com\/wp-content\/uploads\/2023\/03\/nieng-rang-khong-mac-cai-gia-bao-nhieu-tien-1.jpg\" alt=\"ch\u1ec9nh nha m\u1eafc c\u00e0i\" width=\"770\" height=\"385\" srcset=\"https:\/\/nhakhoaquocdat.com\/wp-content\/uploads\/2023\/03\/nieng-rang-khong-mac-cai-gia-bao-nhieu-tien-1.jpg 770w, https:\/\/nhakhoaquocdat.com\/wp-content\/uploads\/2023\/03\/nieng-rang-khong-mac-cai-gia-bao-nhieu-tien-1-300x150.jpg 300w, https:\/\/nhakhoaquocdat.com\/wp-content\/uploads\/2023\/03\/nieng-rang-khong-mac-cai-gia-bao-nhieu-tien-1-768x384.jpg 768w, https:\/\/nhakhoaquocdat.com\/wp-content\/uploads\/2023\/03\/nieng-rang-khong-mac-cai-gia-bao-nhieu-tien-1-18x9.jpg 18w\" sizes=\"(max-width: 770px) 100vw, 770px\" \/>\u00a0<\/p>\n<h2><span id=\"2_Uu_diem_va_han_che_cua_phuong_phap\">\u01afu \u0111i\u1ec3m v\u00e0 h\u1ea1n ch\u1ebf c\u1ee7a ph\u01b0\u01a1ng ph\u00e1p<\/span><\/h2>\n<p>Cho \u0111\u1ebfn nay, ni\u1ec1ng r\u0103ng m\u1eafc c\u00e0i kim lo\u1ea1i v\u1eabn l\u00e0 ph\u01b0\u01a1ng ph\u00e1p ni\u1ec1ng r\u0103ng ph\u1ed5 bi\u1ebfn v\u00e0 \u0111\u01b0\u1ee3c nhi\u1ec1u ng\u01b0\u1eddi l\u1ef1a ch\u1ecdn. Tuy nhi\u00ean tr\u01b0\u1edbc khi \u00e1p d\u1ee5ng ph\u01b0\u01a1ng ph\u00e1p n\u00e0y, b\u1ea1n c\u1ea7n c\u00e2n nh\u1eafc m\u1ed9t s\u1ed1 \u01b0u, nh\u01b0\u1ee3c \u0111i\u1ec3m sau:<\/p>\n<p><b>\u01afu \u0111i\u1ec3m:<\/b><\/p>\n<ul>\n<li>So v\u1edbi c\u00e1c ph\u01b0\u01a1ng ph\u00e1p ni\u1ec1ng r\u0103ng kh\u00e1c, gi\u00e1 ni\u1ec1ng r\u0103ng m\u1eafc c\u00e0i kim lo\u1ea1i th\u1ea5p h\u01a1n n\u00ean ph\u00f9 h\u1ee3p v\u1edbi kh\u1ea3 n\u0103ng t\u00e0i ch\u00ednh c\u1ee7a nhi\u1ec1u ng\u01b0\u1eddi, bao g\u1ed3m c\u00e1c b\u1ea1n h\u1ecdc sinh, sinh vi\u00ean.<\/li>\n<li>\u0110em l\u1ea1i hi\u1ec7u qu\u1ea3 cao tr\u00ean nhi\u1ec1u t\u00ecnh tr\u1ea1ng sai l\u1ec7ch kh\u1edbp c\u1eafn, l\u1ec7ch l\u1ea1c r\u0103ng.<\/li>\n<\/ul>\n<p><b>H\u1ea1n ch\u1ebf:<\/b><\/p>\n<ul>\n<li>K\u00e9m th\u1ea9m m\u1ef9 h\u01a1n so v\u1edbi ni\u1ec1ng m\u1eafc c\u00e0i s\u1ee9 v\u00e0 ni\u1ec1ng r\u0103ng trong su\u1ed1t.\u00a0<\/li>\n<li>C\u1ea3m gi\u00e1c thi\u1ebfu s\u1ef1 tho\u1ea3i m\u00e1i b\u1edfi nh\u1eefng m\u1eafc c\u00e0i trong mi\u1ec7ng.\u00a0<\/li>\n<li>Ch\u1ed1ng ch\u1ec9 \u0111\u1ecbnh v\u1edbi ng\u01b0\u1eddi b\u1ecb d\u1ecb \u1ee9ng kim lo\u1ea1i.<\/li>\n<\/ul>\n<h2><span id=\"3_Doi_tuong_nao_nen_su_dung\">\u0110\u1ed1i t\u01b0\u1ee3ng n\u00e0o n\u00ean s\u1eed d\u1ee5ng<\/span><\/h2>\n<p>Ni\u1ec1ng r\u0103ng m\u1eafc c\u00e0i kim lo\u1ea1i c\u00f3 th\u1ec3 \u00e1p d\u1ee5ng cho t\u1ea5t c\u1ea3 c\u00e1c tr\u01b0\u1eddng h\u1ee3p sai l\u1ec7ch c\u1ea7n ch\u1ec9nh nha nh\u01b0:<\/p>\n<ul>\n<li>Kh\u1edbp c\u1eafn ch\u01b0a chu\u1ea9n sinh l\u00fd (sai kh\u1edbp c\u1eafn), l\u1ec7ch l\u1ea1c x\u01b0\u01a1ng h\u00e0m: Kh\u1edbp c\u1eafn s\u00e2u (r\u0103ng h\u00e0m tr\u00ean ph\u1ee7 l\u00ean \u00be r\u0103ng h\u00e0m d\u01b0\u1edbi), kh\u1edbp c\u1eafn ng\u01b0\u1ee3c (m\u00f3m), kh\u1edbp c\u1eafn ch\u00e9o ho\u1eb7c kh\u1edbp c\u1eafn h\u1edf.<\/li>\n<li>C\u1ea5u tr\u00fac r\u0103ng kh\u00f4ng \u0111\u1ed3ng \u0111\u1ec1u: R\u0103ng chen ch\u00fac, r\u0103ng th\u01b0a, r\u0103ng kh\u1ea5p kh\u1ec3nh, r\u0103ng h\u00f4 v\u1ea9u.<\/li>\n<\/ul>\n<p><img decoding=\"async\" loading=\"lazy\" class=\"aligncenter wp-image-2343 size-full\" src=\"https:\/\/nhakhoaquocdat.com\/wp-content\/uploads\/2023\/03\/nieng-rang-loai-nao-tot-nhat-hien-nay2.jpg\" alt=\"Ch\u1ec9nh nha tr\u1ea3 g\u00f3p\" width=\"750\" height=\"420\" srcset=\"https:\/\/nhakhoaquocdat.com\/wp-content\/uploads\/2023\/03\/nieng-rang-loai-nao-tot-nhat-hien-nay2.jpg 750w, https:\/\/nhakhoaquocdat.com\/wp-content\/uploads\/2023\/03\/nieng-rang-loai-nao-tot-nhat-hien-nay2-300x168.jpg 300w, https:\/\/nhakhoaquocdat.com\/wp-content\/uploads\/2023\/03\/nieng-rang-loai-nao-tot-nhat-hien-nay2-18x10.jpg 18w\" sizes=\"(max-width: 750px) 100vw, 750px\" \/><\/p>\n<h2><span id=\"4_Cac_loai_mac_cai_kim_loai_hien_nay\">Lo\u1ea1i m\u1eafc c\u00e0i hay s\u1eed d\u1ee5ng<\/span><\/h2>\n<p>C\u00f3 2 lo\u1ea1i ni\u1ec1ng r\u0103ng m\u1eafc c\u00e0i kim lo\u1ea1i c\u1ed1 \u0111\u1ecbnh ph\u1ed5 bi\u1ebfn hi\u1ec7n nay l\u00e0 lo\u1ea1i th\u01b0\u1eddng v\u00e0 t\u1ef1 bu\u1ed9c:<\/p>\n<h3><span id=\"41_Mac_cai_kim_loai_thuong_truyen_thong\">4.1. M\u1eafc c\u00e0i th\u01b0\u1eddng (truy\u1ec1n th\u1ed1ng)<\/span><\/h3>\n<p>M\u1eafc c\u00e0i th\u01b0\u1eddng bao g\u1ed3m m\u1eafc c\u00e0i, d\u00e2y cung v\u00e0 h\u1ec7 th\u1ed1ng d\u00e2y thun (d\u00e2y chun) \u0111\u1ec3 c\u1ed1 \u0111\u1ecbnh, di chuy\u1ec3n, k\u00e9o r\u0103ng. \u0110\u1ed9 \u0111\u00e0n h\u1ed3i c\u1ee7a d\u00e2y thun s\u1ebd h\u1ed7 tr\u1ee3 qu\u00e1 tr\u00ecnh d\u1ecbch chuy\u1ec3n r\u0103ng di\u1ec5n ra li\u00ean t\u1ee5c, \u1ed5n \u0111\u1ecbnh t\u1eeb \u0111\u00f3 thu \u0111\u01b0\u1ee3c hi\u1ec7u qu\u1ea3 nh\u01b0 mong mu\u1ed1n.<\/p>\n<p>Tuy nhi\u00ean, do s\u1eed d\u1ee5ng d\u00e2y thun \u0111\u1ec3 d\u1ecbch chuy\u1ec3n n\u00ean t\u00ednh th\u1ea9m m\u1ef9 c\u1ee7a ph\u01b0\u01a1ng ph\u00e1p n\u00e0y kh\u00f4ng cao, \u0111\u1ed3ng th\u1eddi th\u01b0\u1eddng xuy\u00ean x\u1ea3y ra t\u00ecnh tr\u1ea1ng d\u00e2y thun gi\u00e3n, bung s\u00fat d\u00e2y cung, kh\u00f3 v\u1ec7 sinh.<\/p>\n<h3><span id=\"42_Mac_cai_kim_loai_tu_buoc\">4.2. M\u1eafc c\u00e0i t\u1ef1 bu\u1ed9c<\/span><\/h3>\n<p>Ni\u1ec1ng r\u0103ng m\u1eafc c\u00e0i t\u1ef1 bu\u1ed9c (hay c\u00f2n \u0111\u01b0\u1ee3c g\u1ecdi l\u00e0 m\u1eafc c\u00e0i t\u1ef1 \u0111\u00f3ng, m\u1eafc c\u00e0i t\u1ef1 kh\u00f3a) \u0111\u01b0\u1ee3c c\u1ea3i ti\u1ebfn t\u1eeb m\u1eafc c\u00e0i th\u01b0\u1eddng b\u1eb1ng c\u00e1ch s\u1eed d\u1ee5ng m\u1eafc tr\u01b0\u1ee3t thay th\u1ebf cho d\u00e2y chun tr\u00ean c\u00e1c r\u00e3nh m\u1eafc c\u00e0i. \u0110i\u1ec1u n\u00e0y gi\u00fap \u0111\u1ea3m b\u1ea3o qu\u00e1 tr\u00ecnh ch\u1ec9nh r\u0103ng di\u1ec5n ra li\u00ean t\u1ee5c, h\u1ea1n ch\u1ebf t\u00ecnh tr\u1ea1ng d\u00e2y thun gi\u00e3n ho\u1eb7c bung s\u00fat d\u00e2y cung kh\u00f4ng mong mu\u1ed1n.<\/p>","protected":false},"excerpt":{"rendered":"<p>CH\u1ec8NH NHA B\u1eb0NG M\u1eaeC C\u00c0I R\u0103ng v\u1ec1 c\u01a1 b\u1ea3n \u0111\u01b0\u1ee3c bao b\u1ecdc b\u1edfi c\u00e1c t\u1ed5 ch\u1ee9c nha chu bao g\u1ed3m d\u00e2y ch\u1eb1ng nha chu, x\u01b0\u01a1ng \u1ed5 r\u0103ng v\u00e0 n\u01b0\u1edbu r\u0103ng. Khi ni\u1ec1ng r\u0103ng, c\u00e1c kh\u00ed c\u1ee5 s\u1ebd t\u00e1c \u0111\u1ed9ng l\u1ef1c l\u00ean r\u0103ng, t\u1eeb \u0111\u00f3 l\u00e0m d\u00e2y ch\u1eb1ng nha chu s\u1ebd b\u1ecb k\u00e9o d\u00e3n m\u1ed9t b\u00ean&#8230;<\/p>","protected":false},"author":6,"featured_media":0,"parent":1701,"menu_order":0,"comment_status":"closed","ping_status":"closed","template":"","meta":[],"acf":[],"yoast_head":"<!-- This site is optimized with the Yoast SEO plugin v20.3 - https:\/\/yoast.com\/wordpress\/plugins\/seo\/ -->\n<title>N\u1ee5 c\u01b0\u1eddi r\u1ea1ng r\u1ee1 v\u1edbi d\u1ecbch v\u1ee5 ch\u1ec9nh nha m\u1eafc c\u00e0i nha khoa Qu\u1ed1c \u0110\u1ea1t<\/title>\n<meta name=\"description\" content=\"C\u00e1c b\u00e1c s\u0129 v\u1edbi nhi\u1ec1u n\u0103m kinh nghi\u1ec7m ch\u1ec9nh nha c\u1ee7a nha khoa Qu\u1ed1c \u0110\u1ea1t s\u1ebd th\u0103m kh\u00e1m v\u00e0 t\u01b0 v\u1ea5n k\u1ebf ho\u1ea1ch \u0111i\u1ec1u tr\u1ecb ch\u1ec9nh nha m\u1eafc c\u00e0i\" \/>\n<meta name=\"robots\" content=\"index, follow, max-snippet:-1, max-image-preview:large, max-video-preview:-1\" \/>\n<link rel=\"canonical\" href=\"https:\/\/nhakhoaquocdat.com\/en\/dich-vu-nha-khoa\/chinh-nha-mac-cai\/\" \/>\n<meta property=\"og:locale\" content=\"en_US\" \/>\n<meta property=\"og:type\" content=\"article\" \/>\n<meta property=\"og:title\" content=\"N\u1ee5 c\u01b0\u1eddi r\u1ea1ng r\u1ee1 v\u1edbi d\u1ecbch v\u1ee5 ch\u1ec9nh nha m\u1eafc c\u00e0i nha khoa Qu\u1ed1c \u0110\u1ea1t\" \/>\n<meta property=\"og:description\" content=\"C\u00e1c b\u00e1c s\u0129 v\u1edbi nhi\u1ec1u n\u0103m kinh nghi\u1ec7m ch\u1ec9nh nha c\u1ee7a nha khoa Qu\u1ed1c \u0110\u1ea1t s\u1ebd th\u0103m kh\u00e1m v\u00e0 t\u01b0 v\u1ea5n k\u1ebf ho\u1ea1ch \u0111i\u1ec1u tr\u1ecb ch\u1ec9nh nha m\u1eafc c\u00e0i\" \/>\n<meta property=\"og:url\" content=\"https:\/\/nhakhoaquocdat.com\/en\/dich-vu-nha-khoa\/chinh-nha-mac-cai\/\" \/>\n<meta property=\"og:site_name\" content=\"Ph\u00f2ng kh\u00e1m Nha khoa Qu\u1ed1c \u0110\u1ea1t\" \/>\n<meta property=\"article:modified_time\" content=\"2023-03-10T10:31:17+00:00\" \/>\n<meta property=\"og:image\" content=\"https:\/\/nhakhoaquocdat.com\/wp-content\/uploads\/2023\/03\/nieng-rang-khong-mac-cai-gia-bao-nhieu-tien-1.jpg\" \/>\n<meta name=\"twitter:card\" content=\"summary_large_image\" \/>\n<script type=\"application\/ld+json\" class=\"yoast-schema-graph\">{\"@context\":\"https:\/\/schema.org\",\"@graph\":[{\"@type\":\"WebPage\",\"@id\":\"https:\/\/nhakhoaquocdat.com\/dich-vu-nha-khoa\/chinh-nha-mac-cai\",\"url\":\"https:\/\/nhakhoaquocdat.com\/dich-vu-nha-khoa\/chinh-nha-mac-cai\",\"name\":\"N\u1ee5 c\u01b0\u1eddi r\u1ea1ng r\u1ee1 v\u1edbi d\u1ecbch v\u1ee5 ch\u1ec9nh nha m\u1eafc c\u00e0i nha khoa Qu\u1ed1c \u0110\u1ea1t\",\"isPartOf\":{\"@id\":\"https:\/\/nhakhoaquocdat.com\/#website\"},\"datePublished\":\"2022-05-26T11:00:29+00:00\",\"dateModified\":\"2023-03-10T10:31:17+00:00\",\"description\":\"C\u00e1c b\u00e1c s\u0129 v\u1edbi nhi\u1ec1u n\u0103m kinh nghi\u1ec7m ch\u1ec9nh nha c\u1ee7a nha khoa Qu\u1ed1c \u0110\u1ea1t s\u1ebd th\u0103m kh\u00e1m v\u00e0 t\u01b0 v\u1ea5n k\u1ebf ho\u1ea1ch \u0111i\u1ec1u tr\u1ecb ch\u1ec9nh nha m\u1eafc c\u00e0i\",\"breadcrumb\":{\"@id\":\"https:\/\/nhakhoaquocdat.com\/dich-vu-nha-khoa\/chinh-nha-mac-cai#breadcrumb\"},\"inLanguage\":\"en-US\",\"potentialAction\":[{\"@type\":\"ReadAction\",\"target\":[\"https:\/\/nhakhoaquocdat.com\/dich-vu-nha-khoa\/chinh-nha-mac-cai\"]}]},{\"@type\":\"BreadcrumbList\",\"@id\":\"https:\/\/nhakhoaquocdat.com\/dich-vu-nha-khoa\/chinh-nha-mac-cai#breadcrumb\",\"itemListElement\":[{\"@type\":\"ListItem\",\"position\":1,\"name\":\"Trang ch\u1ee7\",\"item\":\"https:\/\/nhakhoaquocdat.com\/\"},{\"@type\":\"ListItem\",\"position\":2,\"name\":\"D\u1ecbch v\u1ee5 nha khoa\",\"item\":\"https:\/\/nhakhoaquocdat.com\/dich-vu-nha-khoa\"},{\"@type\":\"ListItem\",\"position\":3,\"name\":\"Ch\u1ec9nh nha m\u1eafc c\u00e0i\"}]},{\"@type\":\"WebSite\",\"@id\":\"https:\/\/nhakhoaquocdat.com\/#website\",\"url\":\"https:\/\/nhakhoaquocdat.com\/\",\"name\":\"Ph\u00f2ng kh\u00e1m Nha khoa Qu\u1ed1c \u0110\u1ea1t\",\"description\":\"Trao ni\u1ec1m tin, Tr\u1ecdn n\u1ee5 c\u01b0\u1eddi\",\"potentialAction\":[{\"@type\":\"SearchAction\",\"target\":{\"@type\":\"EntryPoint\",\"urlTemplate\":\"https:\/\/nhakhoaquocdat.com\/?s={search_term_string}\"},\"query-input\":\"required name=search_term_string\"}],\"inLanguage\":\"en-US\"}]}<\/script>\n<!-- \/ Yoast SEO plugin. -->","yoast_head_json":{"title":"N\u1ee5 c\u01b0\u1eddi r\u1ea1ng r\u1ee1 v\u1edbi d\u1ecbch v\u1ee5 ch\u1ec9nh nha m\u1eafc c\u00e0i nha khoa Qu\u1ed1c \u0110\u1ea1t","description":"C\u00e1c b\u00e1c s\u0129 v\u1edbi nhi\u1ec1u n\u0103m kinh nghi\u1ec7m ch\u1ec9nh nha c\u1ee7a nha khoa Qu\u1ed1c \u0110\u1ea1t s\u1ebd th\u0103m kh\u00e1m v\u00e0 t\u01b0 v\u1ea5n k\u1ebf ho\u1ea1ch \u0111i\u1ec1u tr\u1ecb ch\u1ec9nh nha m\u1eafc c\u00e0i","robots":{"index":"index","follow":"follow","max-snippet":"max-snippet:-1","max-image-preview":"max-image-preview:large","max-video-preview":"max-video-preview:-1"},"canonical":"https:\/\/nhakhoaquocdat.com\/en\/dich-vu-nha-khoa\/chinh-nha-mac-cai\/","og_locale":"en_US","og_type":"article","og_title":"N\u1ee5 c\u01b0\u1eddi r\u1ea1ng r\u1ee1 v\u1edbi d\u1ecbch v\u1ee5 ch\u1ec9nh nha m\u1eafc c\u00e0i nha khoa Qu\u1ed1c \u0110\u1ea1t","og_description":"C\u00e1c b\u00e1c s\u0129 v\u1edbi nhi\u1ec1u n\u0103m kinh nghi\u1ec7m ch\u1ec9nh nha c\u1ee7a nha khoa Qu\u1ed1c \u0110\u1ea1t s\u1ebd th\u0103m kh\u00e1m v\u00e0 t\u01b0 v\u1ea5n k\u1ebf ho\u1ea1ch \u0111i\u1ec1u tr\u1ecb ch\u1ec9nh nha m\u1eafc c\u00e0i","og_url":"https:\/\/nhakhoaquocdat.com\/en\/dich-vu-nha-khoa\/chinh-nha-mac-cai\/","og_site_name":"Ph\u00f2ng kh\u00e1m Nha khoa Qu\u1ed1c \u0110\u1ea1t","article_modified_time":"2023-03-10T10:31:17+00:00","og_image":[{"url":"https:\/\/nhakhoaquocdat.com\/wp-content\/uploads\/2023\/03\/nieng-rang-khong-mac-cai-gia-bao-nhieu-tien-1.jpg"}],"twitter_card":"summary_large_image","schema":{"@context":"https:\/\/schema.org","@graph":[{"@type":"WebPage","@id":"https:\/\/nhakhoaquocdat.com\/dich-vu-nha-khoa\/chinh-nha-mac-cai","url":"https:\/\/nhakhoaquocdat.com\/dich-vu-nha-khoa\/chinh-nha-mac-cai","name":"N\u1ee5 c\u01b0\u1eddi r\u1ea1ng r\u1ee1 v\u1edbi d\u1ecbch v\u1ee5 ch\u1ec9nh nha m\u1eafc c\u00e0i nha khoa Qu\u1ed1c \u0110\u1ea1t","isPartOf":{"@id":"https:\/\/nhakhoaquocdat.com\/#website"},"datePublished":"2022-05-26T11:00:29+00:00","dateModified":"2023-03-10T10:31:17+00:00","description":"C\u00e1c b\u00e1c s\u0129 v\u1edbi nhi\u1ec1u n\u0103m kinh nghi\u1ec7m ch\u1ec9nh nha c\u1ee7a nha khoa Qu\u1ed1c \u0110\u1ea1t s\u1ebd th\u0103m kh\u00e1m v\u00e0 t\u01b0 v\u1ea5n k\u1ebf ho\u1ea1ch \u0111i\u1ec1u tr\u1ecb ch\u1ec9nh nha m\u1eafc c\u00e0i","breadcrumb":{"@id":"https:\/\/nhakhoaquocdat.com\/dich-vu-nha-khoa\/chinh-nha-mac-cai#breadcrumb"},"inLanguage":"en-US","potentialAction":[{"@type":"ReadAction","target":["https:\/\/nhakhoaquocdat.com\/dich-vu-nha-khoa\/chinh-nha-mac-cai"]}]},{"@type":"BreadcrumbList","@id":"https:\/\/nhakhoaquocdat.com\/dich-vu-nha-khoa\/chinh-nha-mac-cai#breadcrumb","itemListElement":[{"@type":"ListItem","position":1,"name":"Trang ch\u1ee7","item":"https:\/\/nhakhoaquocdat.com\/"},{"@type":"ListItem","position":2,"name":"D\u1ecbch v\u1ee5 nha khoa","item":"https:\/\/nhakhoaquocdat.com\/dich-vu-nha-khoa"},{"@type":"ListItem","position":3,"name":"Ch\u1ec9nh nha m\u1eafc c\u00e0i"}]},{"@type":"WebSite","@id":"https:\/\/nhakhoaquocdat.com\/#website","url":"https:\/\/nhakhoaquocdat.com\/","name":"Ph\u00f2ng kh\u00e1m Nha khoa Qu\u1ed1c \u0110\u1ea1t","description":"Trao ni\u1ec1m tin, Tr\u1ecdn n\u1ee5 c\u01b0\u1eddi","potentialAction":[{"@type":"SearchAction","target":{"@type":"EntryPoint","urlTemplate":"https:\/\/nhakhoaquocdat.com\/?s={search_term_string}"},"query-input":"required name=search_term_string"}],"inLanguage":"en-US"}]}},"_links":{"self":[{"href":"https:\/\/nhakhoaquocdat.com\/en\/wp-json\/wp\/v2\/pages\/2046"}],"collection":[{"href":"https:\/\/nhakhoaquocdat.com\/en\/wp-json\/wp\/v2\/pages"}],"about":[{"href":"https:\/\/nhakhoaquocdat.com\/en\/wp-json\/wp\/v2\/types\/page"}],"author":[{"embeddable":true,"href":"https:\/\/nhakhoaquocdat.com\/en\/wp-json\/wp\/v2\/users\/6"}],"replies":[{"embeddable":true,"href":"https:\/\/nhakhoaquocdat.com\/en\/wp-json\/wp\/v2\/comments?post=2046"}],"version-history":[{"count":3,"href":"https:\/\/nhakhoaquocdat.com\/en\/wp-json\/wp\/v2\/pages\/2046\/revisions"}],"predecessor-version":[{"id":2344,"href":"https:\/\/nhakhoaquocdat.com\/en\/wp-json\/wp\/v2\/pages\/2046\/revisions\/2344"}],"up":[{"embeddable":true,"href":"https:\/\/nhakhoaquocdat.com\/en\/wp-json\/wp\/v2\/pages\/1701"}],"wp:attachment":[{"href":"https:\/\/nhakhoaquocdat.com\/en\/wp-json\/wp\/v2\/media?parent=2046"}],"curies":[{"name":"wp","href":"https:\/\/api.w.org\/{rel}","templated":true}]}}