{"id":2044,"date":"2022-05-26T18:00:08","date_gmt":"2022-05-26T11:00:08","guid":{"rendered":"https:\/\/nhakhoaquocdat.com\/?page_id=2044"},"modified":"2023-03-11T14:50:40","modified_gmt":"2023-03-11T07:50:40","slug":"rang-su-tham-my","status":"publish","type":"page","link":"https:\/\/nhakhoaquocdat.com\/en\/dich-vu-nha-khoa\/rang-su-tham-my","title":{"rendered":"R\u0103ng s\u1ee9 th\u1ea9m m\u1ef9"},"content":{"rendered":"<h1 style=\"text-align: center;\"><strong>R\u0102NG S\u1ee8 TH\u1ea8M M\u1ef8<\/strong><\/h1>\r\n<p>B\u1ecdc r\u0103ng s\u1ee9 l\u00e0 m\u1ed9t k\u1ef9 thu\u1eadt ph\u1ee5c h\u00ecnh trong nha khoa gi\u00fap t\u00e1i t\u1ea1o l\u1ea1i th\u1ea9m m\u1ef9 v\u00e0 ch\u1ee9c n\u0103ng c\u1ee7a r\u0103ng. Li\u00ean quan \u0111\u1ebfn gi\u1ea3i ph\u00e1p ch\u1ee5p r\u0103ng s\u1ee9 c\u00f2n c\u00f3 v\u00f4 v\u00e0n th\u1eafc m\u1eafc xoay quanh nh\u01b0: b\u1ecdc r\u0103ng s\u1ee9 c\u00f3 \u0111au kh\u00f4ng, duy tr\u00ec \u0111\u01b0\u1ee3c bao l\u00e2u v\u00e0 chi ph\u00ed b\u1ecdc r\u0103ng s\u1ee9 bao nhi\u00eau ti\u1ec1n m\u1ed9t c\u00e1i. \u0110\u1ec3 t\u00ecm ra c\u00e2u tr\u1ea3 l\u1eddi chi ti\u1ebft, m\u1eddi b\u1ea1n c\u00f9ng t\u00ecm hi\u1ec3u th\u00eam qua b\u00e0i vi\u1ebft d\u01b0\u1edbi \u0111\u00e2y.<\/p>\r\n<p><img decoding=\"async\" loading=\"lazy\" class=\"aligncenter wp-image-2352 size-large\" src=\"https:\/\/nhakhoaquocdat.com\/wp-content\/uploads\/2023\/03\/IMG_5078-1024x576.jpg\" alt=\"r\u0103ng s\u1ee9 th\u1ea9m m\u1ef9\" width=\"1020\" height=\"574\" srcset=\"https:\/\/nhakhoaquocdat.com\/wp-content\/uploads\/2023\/03\/IMG_5078-1024x576.jpg 1024w, https:\/\/nhakhoaquocdat.com\/wp-content\/uploads\/2023\/03\/IMG_5078-300x169.jpg 300w, https:\/\/nhakhoaquocdat.com\/wp-content\/uploads\/2023\/03\/IMG_5078-768x432.jpg 768w, https:\/\/nhakhoaquocdat.com\/wp-content\/uploads\/2023\/03\/IMG_5078-18x10.jpg 18w, https:\/\/nhakhoaquocdat.com\/wp-content\/uploads\/2023\/03\/IMG_5078.jpg 1496w\" sizes=\"(max-width: 1020px) 100vw, 1020px\" \/><\/p>\r\n<p>R\u0103ng s\u1ee9 hay m\u00e3o r\u0103ng s\u1ee9 l\u00e0 m\u1ed9t lo\u1ea1i r\u0103ng gi\u1ea3 c\u00f3 h\u00ecnh d\u00e1ng, k\u00edch th\u01b0\u1edbc v\u00e0 m\u00e0u s\u1eafc \u0111\u01b0\u1ee3c ch\u1ebf t\u00e1c g\u1ea7n nh\u01b0 r\u0103ng th\u1eadt nh\u01b0ng r\u1ed7ng ru\u1ed9t b\u00ean trong. B\u00e1c s\u0129 s\u1ebd d\u00f9ng m\u00e3o r\u0103ng s\u1ee9 \u0111\u1ec3 ch\u1ee5p l\u00ean c\u00f9i r\u0103ng th\u1eadt gi\u00fap ph\u1ee5c h\u1ed3i l\u1ea1i h\u00ecnh d\u00e1ng, ch\u1ee9c n\u0103ng v\u00e0 th\u1ea9m m\u1ef9 cho r\u0103ng.<\/p>\r\n<p>Khi b\u1ecdc r\u0103ng s\u1ee9, B\u00e1c s\u0129 s\u1ebd m\u00e0i ph\u1ea7n l\u1edbn m\u00f4 r\u0103ng th\u1eadt c\u1ee7a r\u0103ng \u0111\u1ec3 \u00a0t\u1ea1o c\u00f9i n\u00ean \u0111\u00e2y l\u00e0 ph\u01b0\u01a1ng ph\u00e1p x\u00e2m l\u1ea5n m\u00f4 r\u0103ng th\u1eadt kh\u00e1 nhi\u1ec1u.<\/p>\r\n<h2>\u01afu \u0111i\u1ec3m n\u1ed5i b\u1eadt c\u1ee7a r\u0103ng s\u1ee9<\/h2>\r\n<ul>\r\n<li><span id=\"21_Dam_bao_tinh_tham_my_cao\">\u0110\u1ea3m b\u1ea3o t\u00ednh th\u1ea9m m\u1ef9 cao<\/span><\/li>\r\n<\/ul>\r\n<p>Do c\u00f3 h\u00ecnh d\u00e1ng, m\u00e0u s\u1eafc nh\u01b0 r\u0103ng th\u1eadt n\u00ean \u0111\u00e2y l\u00e0 gi\u1ea3i ph\u00e1p ph\u1ee5c h\u1ed3i r\u0103ng v\u1ee1 l\u1edbn, r\u0103ng \u0111\u00e3 ch\u1eefa t\u1ee7y, r\u0103ng b\u1ecb suy y\u1ebfu do s\u00e2u r\u0103ng\u2026 c\u0169ng nh\u01b0 r\u0103ng c\u00f3 c\u00e1c khi\u1ebfm khuy\u1ebft v\u1ec1 th\u1ea9m m\u1ef9 hi\u1ec7u qu\u1ea3. Hi\u1ec7n nay, b\u00ean c\u1ea1nh b\u1ecdc r\u0103ng s\u1ee9 c\u00f2n c\u00f3 gi\u1ea3i ph\u00e1p d\u00e1n s\u1ee9 veneer gi\u00fap h\u1ea1n ch\u1ebf x\u00e2m l\u1ea5n r\u0103ng th\u1eadt t\u1ed1t h\u01a1n n\u00ean b\u1ea1n h\u00e3y tham kh\u1ea3o k\u1ef9 \u00fd ki\u1ebfn c\u1ee7a B\u00e1c s\u0129 \u0111\u1ec3 c\u00f3 gi\u1ea3i ph\u00e1p to\u00e0n di\u1ec7n cho n\u1ee5 c\u01b0\u1eddi.<\/p>\r\n<ul>\r\n<li><span id=\"22_Do_ben_cao\">\u0110\u1ed9 b\u1ec1n cao<\/span><\/li>\r\n<\/ul>\r\n<p>N\u1ebfu s\u1eed d\u1ee5ng \u0111\u00fang v\u1eadt li\u1ec7u s\u1ee9 t\u1ed1t, c\u00f3 ngu\u1ed3n g\u1ed1c r\u00f5 r\u00e0ng, ch\u1ea5t l\u01b0\u1ee3ng ch\u1ee9ng th\u1ef1c v\u00e0 \u0111\u01b0\u1ee3c \u0111i\u1ec1u tr\u1ecb b\u1edfi B\u00e1c s\u0129 chuy\u00ean khoa, \u0111\u00fang k\u1ef9 thu\u1eadt th\u00ec th\u1eddi gian s\u1eed d\u1ee5ng s\u1ee9 c\u00f3 th\u1ec3 l\u00ean \u0111\u1ebfn 8-10 n\u0103m. Nh\u1edd t\u00ednh c\u1ee9ng ch\u1eafc n\u00ean ch\u1ee9c n\u0103ng \u0103n nhai c\u1ee7a r\u0103ng v\u1eabn \u0111\u01b0\u1ee3c \u0111\u1ea3m b\u1ea3o trong su\u1ed1t th\u1eddi gian s\u1eed d\u1ee5ng.<\/p>\r\n<ul>\r\n<li><span id=\"23_Thoi_gian_boc_su_nhanh_chong\">Th\u1eddi gian \u0111i\u1ec1u tr\u1ecb nhanh ch\u00f3ng<\/span><\/li>\r\n<\/ul>\r\n<p>Th\u00f4ng th\u01b0\u1eddng, \u0111i\u1ec1u tr\u1ecb l\u00e0m r\u0103ng s\u1ee9 k\u00e9o d\u00e0i t\u1eeb 3-5 l\u1ea7n h\u1eb9n. T\u00f9y v\u00e0o t\u00ecnh tr\u1ea1ng r\u0103ng mi\u1ec7ng, s\u1ed1 l\u01b0\u1ee3ng r\u0103ng c\u1ea7n b\u1ecdc s\u1ee9, tr\u00ecnh \u0111\u1ed9 chuy\u00ean m\u00f4n c\u1ee7a B\u00e1c s\u0129 v\u00e0 c\u01a1 s\u1edf v\u1eadt ch\u1ea5t c\u1ee7a ph\u00f2ng kh\u00e1m, \u0111\u00f4i khi th\u1eddi gian c\u00f3 th\u1ec3 nhanh ho\u1eb7c ch\u1eadm h\u01a1n. V\u00ec v\u1eady, \u0111\u1ec3 c\u00f3 \u0111\u01b0\u1ee3c m\u1ed9t b\u1ed9 r\u0103ng h\u00e0i ho\u00e0 v\u1ec1 th\u1ea9m m\u1ef9,\u00a0<\/p>\r\n<h2><img decoding=\"async\" loading=\"lazy\" class=\"aligncenter wp-image-2351 size-full\" src=\"https:\/\/nhakhoaquocdat.com\/wp-content\/uploads\/2023\/03\/dan-rang-su-tham-my-la-gi-1-1.png\" alt=\"r\u0103ng s\u1ee9 th\u1ea9m m\u1ef9\" width=\"600\" height=\"385\" srcset=\"https:\/\/nhakhoaquocdat.com\/wp-content\/uploads\/2023\/03\/dan-rang-su-tham-my-la-gi-1-1.png 600w, https:\/\/nhakhoaquocdat.com\/wp-content\/uploads\/2023\/03\/dan-rang-su-tham-my-la-gi-1-1-300x193.png 300w, https:\/\/nhakhoaquocdat.com\/wp-content\/uploads\/2023\/03\/dan-rang-su-tham-my-la-gi-1-1-18x12.png 18w\" sizes=\"(max-width: 600px) 100vw, 600px\" \/><\/h2>\r\n<h2><span id=\"3_Khi_nao_nen_boc_rang_su\"><span class=\"span-style\">Khi n\u00e0o <\/span>n\u00ean b\u1ecdc r\u0103ng s\u1ee9?<\/span><\/h2>\r\n<ul>\r\n<li>Khi r\u0103ng b\u1ecb s\u00e2u, vi\u00eam tu\u1ef7, v\u1ee1 l\u1edbn.<\/li>\r\n<li>R\u0103ng g\u1eb7p m\u1ed9t s\u1ed1 v\u1ea5n \u0111\u1ec3 v\u1ec1 th\u1ea9m m\u1ef9 nh\u01b0: nhi\u1ec5m m\u00e0u tetra\/fluor n\u1eb7ng, r\u0103ng b\u1ecb th\u01b0a\/h\u1edf k\u1ebd, l\u1ec7ch l\u1ea1c nh\u1eb9.<\/li>\r\n<li>R\u0103ng b\u1ecb m\u1ea5t v\u00e0 kh\u00e1ch h\u00e0ng mu\u1ed1n ph\u1ee5c h\u1ed3i b\u1eb1ng gi\u1ea3i ph\u00e1p c\u1ea7u r\u0103ng s\u1ee9.<\/li>\r\n<\/ul>\r\n<p>\u0110\u1ec3 c\u00f3 k\u1ebft qu\u1ea3 t\u1ed1t nh\u1ea5t, b\u1ea1n n\u00ean \u0111\u1ebfn c\u00e1c trung t\u00e2m nha khoa uy t\u00edn \u0111\u1ec3 th\u0103m kh\u00e1m v\u00e0 t\u01b0 v\u1ea5n v\u1edbi B\u00e1c s\u0129 v\u1ec1 t\u00ecnh tr\u1ea1ng r\u0103ng c\u1ee7a m\u00ecnh c\u00f3 ph\u00f9 h\u1ee3p v\u1edbi gi\u1ea3i ph\u00e1p b\u1ecdc r\u0103ng s\u1ee9 kh\u00f4ng.<\/p>","protected":false},"excerpt":{"rendered":"<p>R\u0102NG S\u1ee8 TH\u1ea8M M\u1ef8 B\u1ecdc r\u0103ng s\u1ee9 l\u00e0 m\u1ed9t k\u1ef9 thu\u1eadt ph\u1ee5c h\u00ecnh trong nha khoa gi\u00fap t\u00e1i t\u1ea1o l\u1ea1i th\u1ea9m m\u1ef9 v\u00e0 ch\u1ee9c n\u0103ng c\u1ee7a r\u0103ng. Li\u00ean quan \u0111\u1ebfn gi\u1ea3i ph\u00e1p ch\u1ee5p r\u0103ng s\u1ee9 c\u00f2n c\u00f3 v\u00f4 v\u00e0n th\u1eafc m\u1eafc xoay quanh nh\u01b0: b\u1ecdc r\u0103ng s\u1ee9 c\u00f3 \u0111au kh\u00f4ng, duy tr\u00ec \u0111\u01b0\u1ee3c bao l\u00e2u&#8230;<\/p>","protected":false},"author":6,"featured_media":2351,"parent":1701,"menu_order":0,"comment_status":"closed","ping_status":"closed","template":"","meta":[],"acf":[],"yoast_head":"<!-- This site is optimized with the Yoast SEO plugin v20.3 - https:\/\/yoast.com\/wordpress\/plugins\/seo\/ -->\n<title>R\u0103ng s\u1ee9 th\u1ea9m m\u1ef9 - l\u1ef1a ch\u1ecdn h\u00e0ng \u0111\u1ea7u cho n\u1ee5 c\u01b0\u1eddi<\/title>\n<meta name=\"description\" content=\"V\u1edbi c\u00e1c b\u00e1c s\u0129 gi\u1ecfi, c\u00f4ng ngh\u1ec7 hi\u1ec7n \u0111\u1ea1i, quy tr\u00ecnh chuy\u00ean nghi\u1ec7p, nha khoa Qu\u1ed1c \u0110\u1ea1t \u0111em \u0111\u1ebfn d\u1ecbch v\u1ee5 r\u0103ng s\u1ee9 th\u1ea9m m\u1ef9 ho\u00e0n h\u1ea3o nh\u1ea5t\" \/>\n<meta name=\"robots\" content=\"index, follow, max-snippet:-1, max-image-preview:large, max-video-preview:-1\" \/>\n<link rel=\"canonical\" href=\"https:\/\/nhakhoaquocdat.com\/en\/dich-vu-nha-khoa\/rang-su-tham-my\/\" \/>\n<meta property=\"og:locale\" content=\"en_US\" \/>\n<meta property=\"og:type\" content=\"article\" \/>\n<meta property=\"og:title\" content=\"R\u0103ng s\u1ee9 th\u1ea9m m\u1ef9 - l\u1ef1a ch\u1ecdn h\u00e0ng \u0111\u1ea7u cho n\u1ee5 c\u01b0\u1eddi\" \/>\n<meta property=\"og:description\" content=\"V\u1edbi c\u00e1c b\u00e1c s\u0129 gi\u1ecfi, c\u00f4ng ngh\u1ec7 hi\u1ec7n \u0111\u1ea1i, quy tr\u00ecnh chuy\u00ean nghi\u1ec7p, nha khoa Qu\u1ed1c \u0110\u1ea1t \u0111em \u0111\u1ebfn d\u1ecbch v\u1ee5 r\u0103ng s\u1ee9 th\u1ea9m m\u1ef9 ho\u00e0n h\u1ea3o nh\u1ea5t\" \/>\n<meta property=\"og:url\" content=\"https:\/\/nhakhoaquocdat.com\/en\/dich-vu-nha-khoa\/rang-su-tham-my\/\" \/>\n<meta property=\"og:site_name\" content=\"Ph\u00f2ng kh\u00e1m Nha khoa Qu\u1ed1c \u0110\u1ea1t\" \/>\n<meta property=\"article:modified_time\" content=\"2023-03-11T07:50:40+00:00\" \/>\n<meta property=\"og:image\" content=\"https:\/\/nhakhoaquocdat.com\/wp-content\/uploads\/2023\/03\/dan-rang-su-tham-my-la-gi-1-1.png\" \/>\n\t<meta property=\"og:image:width\" content=\"600\" \/>\n\t<meta property=\"og:image:height\" content=\"385\" \/>\n\t<meta property=\"og:image:type\" content=\"image\/png\" \/>\n<meta name=\"twitter:card\" content=\"summary_large_image\" \/>\n<script type=\"application\/ld+json\" class=\"yoast-schema-graph\">{\"@context\":\"https:\/\/schema.org\",\"@graph\":[{\"@type\":\"WebPage\",\"@id\":\"https:\/\/nhakhoaquocdat.com\/dich-vu-nha-khoa\/rang-su-tham-my\",\"url\":\"https:\/\/nhakhoaquocdat.com\/dich-vu-nha-khoa\/rang-su-tham-my\",\"name\":\"R\u0103ng s\u1ee9 th\u1ea9m m\u1ef9 - l\u1ef1a ch\u1ecdn h\u00e0ng \u0111\u1ea7u cho n\u1ee5 c\u01b0\u1eddi\",\"isPartOf\":{\"@id\":\"https:\/\/nhakhoaquocdat.com\/#website\"},\"datePublished\":\"2022-05-26T11:00:08+00:00\",\"dateModified\":\"2023-03-11T07:50:40+00:00\",\"description\":\"V\u1edbi c\u00e1c b\u00e1c s\u0129 gi\u1ecfi, c\u00f4ng ngh\u1ec7 hi\u1ec7n \u0111\u1ea1i, quy tr\u00ecnh chuy\u00ean nghi\u1ec7p, nha khoa Qu\u1ed1c \u0110\u1ea1t \u0111em \u0111\u1ebfn d\u1ecbch v\u1ee5 r\u0103ng s\u1ee9 th\u1ea9m m\u1ef9 ho\u00e0n h\u1ea3o nh\u1ea5t\",\"breadcrumb\":{\"@id\":\"https:\/\/nhakhoaquocdat.com\/dich-vu-nha-khoa\/rang-su-tham-my#breadcrumb\"},\"inLanguage\":\"en-US\",\"potentialAction\":[{\"@type\":\"ReadAction\",\"target\":[\"https:\/\/nhakhoaquocdat.com\/dich-vu-nha-khoa\/rang-su-tham-my\"]}]},{\"@type\":\"BreadcrumbList\",\"@id\":\"https:\/\/nhakhoaquocdat.com\/dich-vu-nha-khoa\/rang-su-tham-my#breadcrumb\",\"itemListElement\":[{\"@type\":\"ListItem\",\"position\":1,\"name\":\"Trang ch\u1ee7\",\"item\":\"https:\/\/nhakhoaquocdat.com\/\"},{\"@type\":\"ListItem\",\"position\":2,\"name\":\"D\u1ecbch v\u1ee5 nha khoa\",\"item\":\"https:\/\/nhakhoaquocdat.com\/dich-vu-nha-khoa\"},{\"@type\":\"ListItem\",\"position\":3,\"name\":\"R\u0103ng s\u1ee9 th\u1ea9m m\u1ef9\"}]},{\"@type\":\"WebSite\",\"@id\":\"https:\/\/nhakhoaquocdat.com\/#website\",\"url\":\"https:\/\/nhakhoaquocdat.com\/\",\"name\":\"Ph\u00f2ng kh\u00e1m Nha khoa Qu\u1ed1c \u0110\u1ea1t\",\"description\":\"Trao ni\u1ec1m tin, Tr\u1ecdn n\u1ee5 c\u01b0\u1eddi\",\"potentialAction\":[{\"@type\":\"SearchAction\",\"target\":{\"@type\":\"EntryPoint\",\"urlTemplate\":\"https:\/\/nhakhoaquocdat.com\/?s={search_term_string}\"},\"query-input\":\"required name=search_term_string\"}],\"inLanguage\":\"en-US\"}]}<\/script>\n<!-- \/ Yoast SEO plugin. -->","yoast_head_json":{"title":"R\u0103ng s\u1ee9 th\u1ea9m m\u1ef9 - l\u1ef1a ch\u1ecdn h\u00e0ng \u0111\u1ea7u cho n\u1ee5 c\u01b0\u1eddi","description":"V\u1edbi c\u00e1c b\u00e1c s\u0129 gi\u1ecfi, c\u00f4ng ngh\u1ec7 hi\u1ec7n \u0111\u1ea1i, quy tr\u00ecnh chuy\u00ean nghi\u1ec7p, nha khoa Qu\u1ed1c \u0110\u1ea1t \u0111em \u0111\u1ebfn d\u1ecbch v\u1ee5 r\u0103ng s\u1ee9 th\u1ea9m m\u1ef9 ho\u00e0n h\u1ea3o nh\u1ea5t","robots":{"index":"index","follow":"follow","max-snippet":"max-snippet:-1","max-image-preview":"max-image-preview:large","max-video-preview":"max-video-preview:-1"},"canonical":"https:\/\/nhakhoaquocdat.com\/en\/dich-vu-nha-khoa\/rang-su-tham-my\/","og_locale":"en_US","og_type":"article","og_title":"R\u0103ng s\u1ee9 th\u1ea9m m\u1ef9 - l\u1ef1a ch\u1ecdn h\u00e0ng \u0111\u1ea7u cho n\u1ee5 c\u01b0\u1eddi","og_description":"V\u1edbi c\u00e1c b\u00e1c s\u0129 gi\u1ecfi, c\u00f4ng ngh\u1ec7 hi\u1ec7n \u0111\u1ea1i, quy tr\u00ecnh chuy\u00ean nghi\u1ec7p, nha khoa Qu\u1ed1c \u0110\u1ea1t \u0111em \u0111\u1ebfn d\u1ecbch v\u1ee5 r\u0103ng s\u1ee9 th\u1ea9m m\u1ef9 ho\u00e0n h\u1ea3o nh\u1ea5t","og_url":"https:\/\/nhakhoaquocdat.com\/en\/dich-vu-nha-khoa\/rang-su-tham-my\/","og_site_name":"Ph\u00f2ng kh\u00e1m Nha khoa Qu\u1ed1c \u0110\u1ea1t","article_modified_time":"2023-03-11T07:50:40+00:00","og_image":[{"width":600,"height":385,"url":"https:\/\/nhakhoaquocdat.com\/wp-content\/uploads\/2023\/03\/dan-rang-su-tham-my-la-gi-1-1.png","type":"image\/png"}],"twitter_card":"summary_large_image","schema":{"@context":"https:\/\/schema.org","@graph":[{"@type":"WebPage","@id":"https:\/\/nhakhoaquocdat.com\/dich-vu-nha-khoa\/rang-su-tham-my","url":"https:\/\/nhakhoaquocdat.com\/dich-vu-nha-khoa\/rang-su-tham-my","name":"R\u0103ng s\u1ee9 th\u1ea9m m\u1ef9 - l\u1ef1a ch\u1ecdn h\u00e0ng \u0111\u1ea7u cho n\u1ee5 c\u01b0\u1eddi","isPartOf":{"@id":"https:\/\/nhakhoaquocdat.com\/#website"},"datePublished":"2022-05-26T11:00:08+00:00","dateModified":"2023-03-11T07:50:40+00:00","description":"V\u1edbi c\u00e1c b\u00e1c s\u0129 gi\u1ecfi, c\u00f4ng ngh\u1ec7 hi\u1ec7n \u0111\u1ea1i, quy tr\u00ecnh chuy\u00ean nghi\u1ec7p, nha khoa Qu\u1ed1c \u0110\u1ea1t \u0111em \u0111\u1ebfn d\u1ecbch v\u1ee5 r\u0103ng s\u1ee9 th\u1ea9m m\u1ef9 ho\u00e0n h\u1ea3o nh\u1ea5t","breadcrumb":{"@id":"https:\/\/nhakhoaquocdat.com\/dich-vu-nha-khoa\/rang-su-tham-my#breadcrumb"},"inLanguage":"en-US","potentialAction":[{"@type":"ReadAction","target":["https:\/\/nhakhoaquocdat.com\/dich-vu-nha-khoa\/rang-su-tham-my"]}]},{"@type":"BreadcrumbList","@id":"https:\/\/nhakhoaquocdat.com\/dich-vu-nha-khoa\/rang-su-tham-my#breadcrumb","itemListElement":[{"@type":"ListItem","position":1,"name":"Trang ch\u1ee7","item":"https:\/\/nhakhoaquocdat.com\/"},{"@type":"ListItem","position":2,"name":"D\u1ecbch v\u1ee5 nha khoa","item":"https:\/\/nhakhoaquocdat.com\/dich-vu-nha-khoa"},{"@type":"ListItem","position":3,"name":"R\u0103ng s\u1ee9 th\u1ea9m m\u1ef9"}]},{"@type":"WebSite","@id":"https:\/\/nhakhoaquocdat.com\/#website","url":"https:\/\/nhakhoaquocdat.com\/","name":"Ph\u00f2ng kh\u00e1m Nha khoa Qu\u1ed1c \u0110\u1ea1t","description":"Trao ni\u1ec1m tin, Tr\u1ecdn n\u1ee5 c\u01b0\u1eddi","potentialAction":[{"@type":"SearchAction","target":{"@type":"EntryPoint","urlTemplate":"https:\/\/nhakhoaquocdat.com\/?s={search_term_string}"},"query-input":"required name=search_term_string"}],"inLanguage":"en-US"}]}},"_links":{"self":[{"href":"https:\/\/nhakhoaquocdat.com\/en\/wp-json\/wp\/v2\/pages\/2044"}],"collection":[{"href":"https:\/\/nhakhoaquocdat.com\/en\/wp-json\/wp\/v2\/pages"}],"about":[{"href":"https:\/\/nhakhoaquocdat.com\/en\/wp-json\/wp\/v2\/types\/page"}],"author":[{"embeddable":true,"href":"https:\/\/nhakhoaquocdat.com\/en\/wp-json\/wp\/v2\/users\/6"}],"replies":[{"embeddable":true,"href":"https:\/\/nhakhoaquocdat.com\/en\/wp-json\/wp\/v2\/comments?post=2044"}],"version-history":[{"count":3,"href":"https:\/\/nhakhoaquocdat.com\/en\/wp-json\/wp\/v2\/pages\/2044\/revisions"}],"predecessor-version":[{"id":2353,"href":"https:\/\/nhakhoaquocdat.com\/en\/wp-json\/wp\/v2\/pages\/2044\/revisions\/2353"}],"up":[{"embeddable":true,"href":"https:\/\/nhakhoaquocdat.com\/en\/wp-json\/wp\/v2\/pages\/1701"}],"wp:featuredmedia":[{"embeddable":true,"href":"https:\/\/nhakhoaquocdat.com\/en\/wp-json\/wp\/v2\/media\/2351"}],"wp:attachment":[{"href":"https:\/\/nhakhoaquocdat.com\/en\/wp-json\/wp\/v2\/media?parent=2044"}],"curies":[{"name":"wp","href":"https:\/\/api.w.org\/{rel}","templated":true}]}}