{"id":1978,"date":"2022-05-24T12:25:09","date_gmt":"2022-05-24T05:25:09","guid":{"rendered":"https:\/\/nhakhoaquocdat.com\/?page_id=1978"},"modified":"2023-03-10T15:53:13","modified_gmt":"2023-03-10T08:53:13","slug":"chinh-nha-bang-khay-trong-suot","status":"publish","type":"page","link":"https:\/\/nhakhoaquocdat.com\/en\/dich-vu-nha-khoa\/chinh-nha-bang-khay-trong-suot","title":{"rendered":"Ch\u1ec9nh nha b\u1eb1ng khay trong su\u1ed1t"},"content":{"rendered":"<h1 style=\"text-align: center;\"><strong>NI\u1ec0NG R\u0102NG TH\u1ea8M M\u1ef8 CAO V\u1edaI KHAY TRONG SU\u1ed0T<\/strong><\/h1>\r\n\r\n\r\n\r\n<p>Ni\u1ec1ng r\u0103ng l\u00e0 gi\u1ea3i ph\u00e1p ch\u1ec9nh h\u00ecnh r\u0103ng mi\u1ec7ng nh\u1eb1m mang l\u1ea1i m\u1ed9t h\u00e0m r\u0103ng \u0111\u1ec1u \u0111\u1eb9p, kh\u1edbp c\u1eafn kho\u1ebb m\u1ea1nh v\u00e0 n\u1ee5 c\u01b0\u1eddi t\u1ef1 tin. Tuy nhi\u00ean, ph\u01b0\u01a1ng ph\u00e1p ni\u1ec1ng r\u0103ng m\u1eafc c\u00e0i d\u00f9 mang t\u1edbi ch\u1ea5t l\u01b0\u1ee3ng \u0111i\u1ec1u tr\u1ecb cao nh\u01b0ng l\u1ea1i thi\u1ebfu t\u00ednh th\u1ea9m m\u1ef9, thu\u1eadn ti\u1ec7n v\u00e0 d\u1ec5 ch\u1ecbu n\u00ean khi\u1ebfn nhi\u1ec1u ng\u01b0\u1eddi e ng\u1ea1i. Kh\u1eafc ph\u1ee5c nh\u01b0\u1ee3c \u0111i\u1ec3m \u0111\u00f3, ni\u1ec1ng r\u0103ng trong su\u1ed1t ra \u0111\u1eddi v\u00e0 ng\u00e0y c\u00e0ng nh\u1eadn \u0111\u01b0\u1ee3c s\u1ef1 tin t\u01b0\u1edfng v\u00e0 y\u00eau th\u00edch c\u1ee7a r\u1ea5t nhi\u1ec1u ng\u01b0\u1eddi.\u00a0<\/p>\r\n<p>N\u0103m 1999, h\u1ec7 th\u1ed1ng khay ch\u1ec9nh nha trong su\u1ed1t \u0111\u1ea7u ti\u00ean c\u1ee7a h\u00e3ng Align t\u1ea1i M\u1ef9 \u0111\u00e3 ra \u0111\u1eddi v\u00e0 \u0111\u01b0a h\u1ec7 th\u1ed1ng ch\u1ec9nh nha b\u01b0\u1edbc \u0111\u1ea7u \u0111\u1eb7t ch\u00e2n v\u00e0o m\u1ed9t th\u1eddi k\u1ef3 m\u1edbi. Hi\u1ec7n nay, c\u00f9ng v\u1edbi s\u1ef1 ph\u00e1t tri\u1ec3n c\u1ee7a khoa h\u1ecdc v\u00e0 c\u00f4ng ngh\u1ec7, \u0111\u00e3 c\u00f3 r\u1ea5t nhi\u1ec1u h\u00e3ng s\u1ea3n xu\u1ea5t c\u00e1c h\u1ec7 th\u1ed1ng khay ch\u1ec9nh nha trong su\u1ed1t kh\u00e1c nhau v\u1edbi nhi\u1ec1u l\u1eddi h\u1ee9a h\u1eb9n v\u1ec1 ch\u1ea5t l\u01b0\u1ee3ng c\u0169ng nh\u01b0 m\u1ee9c gi\u00e1 th\u00e0nh kh\u00e1c nhau.\u00a0<\/p>\r\n\r\n\r\n\r\n<h2><strong>I. Ni\u1ec1ng r\u0103ng trong su\u1ed1t l\u00e0 g\u00ec?<\/strong><\/h2>\r\n\r\n\r\n\r\n<p>Ni\u1ec1ng r\u0103ng trong su\u1ed1t l\u00e0 k\u1ef9 thu\u1eadt ni\u1ec1ng kh\u00f4ng s\u1eed d\u1ee5ng m\u1eafc c\u00e0i, d\u00e2y cung, chun bu\u1ed9c. Thay v\u00e0o \u0111\u00f3 b\u00e1c s\u0129 s\u1ebd s\u1eed d\u1ee5ng m\u1ed9t chu\u1ed7i khay ni\u1ec1ng trong su\u1ed1t \u0111\u1ec3 di chuy\u1ec3n r\u0103ng t\u1edbi v\u1ecb tr\u00ed mong mu\u1ed1n. C\u00e1c khay ni\u1ec1ng \u0111\u01b0\u1ee3c thi\u1ebft k\u1ebf v\u00e0 ch\u1ebf t\u1ea1o d\u1ef1a tr\u00ean n\u1ec1n t\u1ea3ng c\u00f4ng ngh\u1ec7 k\u1ef9 thu\u1eadt s\u1ed1 mang l\u1ea1i \u0111\u1ed9 t\u01b0\u01a1ng th\u00edch ho\u00e0n h\u1ea3o cho t\u1eebng kh\u00e1ch h\u00e0ng.<\/p>\r\n<p>C\u0169ng nh\u1edd s\u1ef1 c\u1ea3i ti\u1ebfn kh\u00f4ng c\u1ea7n s\u1eed d\u1ee5ng c\u00e1c kh\u00ed c\u1ee5 truy\u1ec1n th\u1ed1ng nh\u01b0 m\u1eafc c\u00e0i, d\u00e2y cung n\u00ean ch\u1ec9nh nha b\u1eb1ng khay trong su\u1ed1t mang l\u1ea1i s\u1ef1 tho\u1ea3i m\u00e1i, d\u1ec5 ch\u1ecbu. C\u00e1c khay ni\u1ec1ng \u0111\u01b0\u1ee3c thi\u1ebft k\u1ebf tinh t\u1ebf, m\u1ecfng, nh\u1eb9, \u00f4m s\u00e1t l\u1ea5y r\u0103ng, th\u1ea9m m\u1ef9 cao nh\u01b0ng v\u1eabn \u0111\u1ea3m b\u1ea3o hi\u1ec7u qu\u1ea3 n\u1eafn ch\u1ec9nh.<\/p>\r\n<p><img decoding=\"async\" loading=\"lazy\" class=\"aligncenter wp-image-2338 size-full\" src=\"https:\/\/nhakhoaquocdat.com\/wp-content\/uploads\/2023\/03\/clearcorrect-clear-aligners-dental-service-1024x768.jpg.webp\" alt=\"ni\u1ec1ng r\u0103ng c\u00f4ng ngh\u1ec7 m\u1edbi\" width=\"1024\" height=\"768\" srcset=\"https:\/\/nhakhoaquocdat.com\/wp-content\/uploads\/2023\/03\/clearcorrect-clear-aligners-dental-service-1024x768.jpg.webp 1024w, https:\/\/nhakhoaquocdat.com\/wp-content\/uploads\/2023\/03\/clearcorrect-clear-aligners-dental-service-1024x768.jpg-300x225.webp 300w, https:\/\/nhakhoaquocdat.com\/wp-content\/uploads\/2023\/03\/clearcorrect-clear-aligners-dental-service-1024x768.jpg-768x576.webp 768w, https:\/\/nhakhoaquocdat.com\/wp-content\/uploads\/2023\/03\/clearcorrect-clear-aligners-dental-service-1024x768.jpg-16x12.webp 16w\" sizes=\"(max-width: 1024px) 100vw, 1024px\" \/><\/p>\r\n\r\n\r\n\r\n\r\n\r\n<h2><strong>II. Ni\u1ec1ng r\u0103ng trong su\u1ed1t ho\u1ea1t \u0111\u1ed9ng nh\u01b0 th\u1ebf n\u00e0o?<\/strong><\/h2>\r\n\r\n\r\n\r\n<p>Ni\u1ec1ng r\u0103ng trong su\u1ed1t Invisalign s\u1eed d\u1ee5ng b\u1ed9 khay ni\u1ec1ng \u0111\u01b0\u1ee3c \u0111\u00e1nh s\u1ed1 th\u1ee9 t\u1ef1 t\u1eeb 1 cho \u0111\u1ebfn h\u1ebft v\u00e0 l\u1ea7n l\u01b0\u1ee3t \u0111\u01b0\u1ee3c l\u1eafp v\u00e0o cung r\u0103ng c\u1ee7a b\u1ec7nh nh\u00e2n v\u1edbi s\u1ef1 h\u1ed7 tr\u1ee3 c\u1ee7a c\u00e1c \u0111i\u1ec3m t\u1ea1o l\u1ef1c. Trung b\u00ecnh m\u1ed7i khay ni\u1ec1ng trong su\u1ed1t s\u1ebd \u0111eo trong kho\u1ea3ng 2 tu\u1ea7n, t\u01b0ng \u1ee9ng v\u1edbi m\u1ee9c d\u1ecbch chuy\u1ec3n c\u00e1c r\u0103ng l\u00e0 0,25mm\/l\u1ea7n. M\u1ed7i b\u1ed9 khay ni\u1ec1ng \u0111\u1ec1u \u0111\u01b0\u1ee3c l\u00e0m ri\u00eang d\u1ea5u r\u0103ng c\u1ee7a m\u1ed7i ng\u01b0\u1eddi \u0111\u1ec3 v\u1eeba v\u1eb7n, tho\u1ea3i m\u00e1i.\u00a0Trong qu\u00e1 tr\u00ecnh ni\u1ec1ng r\u0103ng, kh\u00e1ch h\u00e0ng s\u1ebd c\u00f3 t\u1eeb 20 \u2013 45 khay, b\u1ed9 khay n\u00e0y \u0111\u01b0\u1ee3c \u0111\u1eb7t ri\u00eang cho t\u1eebng ng\u01b0\u1eddi trong t\u1eebng giai \u0111o\u1ea1n. Khi ni\u1ec1ng r\u0103ng b\u1ea1n n\u00ean \u0111eo khay 22 gi\u1edd\/ ng\u00e0y \u0111\u1ec3 khay ni\u1ec1ng t\u1ef1 n\u1eafn ch\u1ec9nh r\u0103ng \u0111\u1ea1t hi\u1ec7u qu\u1ea3 t\u1ed1i \u01b0u nh\u1ea5t.<\/p>\r\n<p><img decoding=\"async\" loading=\"lazy\" class=\"aligncenter wp-image-2339 size-full\" src=\"https:\/\/nhakhoaquocdat.com\/wp-content\/uploads\/2023\/03\/Invisalign_Female_With_clear_aligner_6.png\" alt=\"ni\u1ec1ng r\u0103ng b\u1eb1ng khay trong su\u1ed1t\" width=\"623\" height=\"440\" srcset=\"https:\/\/nhakhoaquocdat.com\/wp-content\/uploads\/2023\/03\/Invisalign_Female_With_clear_aligner_6.png 623w, https:\/\/nhakhoaquocdat.com\/wp-content\/uploads\/2023\/03\/Invisalign_Female_With_clear_aligner_6-300x212.png 300w, https:\/\/nhakhoaquocdat.com\/wp-content\/uploads\/2023\/03\/Invisalign_Female_With_clear_aligner_6-18x12.png 18w\" sizes=\"(max-width: 623px) 100vw, 623px\" \/><\/p>\r\n\r\n\r\n\r\n<h2><strong>III. \u01afu \u0111i\u1ec3m c\u1ee7a Ni\u1ec1ng r\u0103ng trong su\u1ed1t<\/strong><\/h2>\r\n\r\n\r\n\r\n\r\n\r\n\r\n\r\n<p>Ph\u01b0\u01a1ng ph\u00e1p ni\u1ec1ng r\u0103ng trong su\u1ed1t mang \u0111\u1ebfn nhi\u1ec1u \u0111i\u1ec3m \u01b0u vi\u1ec7t h\u01a1n c\u00e1c ph\u01b0\u01a1ng ph\u00e1p ni\u1ec1ng r\u0103ng kh\u00e1c:<\/p>\r\n\r\n\r\n\r\n<ul>\r\n<li>T\u00ednh th\u1ea9m m\u1ef9 cao: Khay ni\u1ec1ng trong su\u1ed1t \u0111\u01b0\u1ee3c l\u00e0m t\u1eeb v\u1eadt li\u1ec7u nh\u1ef1a c\u00f3 m\u00e0u trong su\u1ed1t n\u00ean g\u1ea7n nh\u01b0 v\u00f4 h\u00ecnh khi b\u1ea1n \u0111eo ni\u1ec1ng. Vi\u1ec7c l\u1ed9 m\u1eafc c\u00e0i g\u00e2y ng\u1ea1i ng\u00f9ng s\u1ebd kh\u00f4ng c\u00f2n n\u1eefa, khay ni\u1ec1ng \u201c\u1ea9n m\u00ecnh\u201d khi\u1ebfn ng\u01b0\u1eddi kh\u00e1c kh\u00f4ng nh\u1eadn ra b\u1ea1n \u0111ang ni\u1ec1ng r\u0103ng.<\/li>\r\n<li>C\u1ea3m gi\u00e1c tho\u1ea3i m\u00e1i khi ni\u1ec1ng r\u0103ng: Ni\u1ec1ng r\u0103ng kh\u00f4ng c\u00f3 m\u1eafc c\u00e0i v\u00e0 d\u00e2y cung n\u00ean h\u1ea1n ch\u1ebf \u0111\u01b0\u1ee3c t\u00ecnh tr\u1ea1ng v\u01b0\u1edbng v\u00edu, c\u1ecd x\u00e1t t\u1ed5n th\u01b0\u01a1ng \u0111\u1ebfn n\u01b0\u1edbu v\u00e0 m\u00e1.<\/li>\r\n<li>D\u1ec5 d\u00e0ng th\u00e1o l\u1eafp \u0111\u1ec3 \u0103n u\u1ed1ng v\u00e0 v\u1ec7 sinh r\u0103ng mi\u1ec7ng: Khi \u0103n nhai, b\u1ea1n c\u00f3 th\u1ec3 th\u00e1o khay ni\u1ec1ng ra v\u00e0 \u0103n u\u1ed1ng b\u00ecnh th\u01b0\u1eddng m\u00e0 kh\u00f4ng g\u1eb7p t\u00ecnh tr\u1ea1ng th\u1ee9c \u0103n m\u1eafc v\u00e0o khay ni\u1ec1ng. \u0110\u1ed3ng th\u1eddi khi v\u1ec7 sinh r\u0103ng mi\u1ec7ng th\u00ec b\u1ea1n h\u00e3y th\u00e1o ni\u1ec1ng ra \u0111\u1ec3 l\u00e0m s\u1ea1ch r\u0103ng d\u1ec5 d\u00e0ng h\u01a1n.<\/li>\r\n<li>Hi\u1ec7u qu\u1ea3 ni\u1ec1ng r\u0103ng cao: Do ph\u00e1c \u0111\u1ed3 \u0111i\u1ec1u tr\u1ecb \u0111\u01b0\u1ee3c x\u00e2y d\u1ef1ng tr\u00ean ph\u1ea7n m\u1ec1m v\u1edbi t\u00ednh chu\u1ea9n x\u00e1c cao. H\u01a1n n\u1eefa, b\u00e1c s\u0129 theo d\u00f5i t\u00ecnh tr\u1ea1ng d\u1ecbch chuy\u1ec3n r\u0103ng trong t\u1eebng gia \u0111o\u1ea1n n\u00ean qu\u00e1 tr\u00ecnh ni\u1ec1ng r\u0103ng trong su\u1ed1t s\u1ebd di\u1ec5n ra ch\u00ednh x\u00e1c v\u00e0 \u0111\u1ea1t k\u1ebft qu\u1ea3 cao nh\u1ea5t.<\/li>\r\n<\/ul>\r\n\r\n\r\n\r\n<h2><strong>IV. Nh\u01b0\u1ee3c \u0111i\u1ec3m Ni\u1ec1ng r\u0103ng trong su\u1ed1t<\/strong><\/h2>\r\n\r\n\r\n\r\n<p>M\u1ed9t trong s\u1ed1 \u00edt h\u1ea1n ch\u1ebf c\u1ee7a ni\u1ec1ng r\u0103ng b\u1eb1ng khay trong su\u1ed1t l\u00e0 chi ph\u00ed ni\u1ec1ng r\u0103ng t\u01b0\u01a1ng \u0111\u1ed1i cao so v\u1edbi ph\u01b0\u01a1ng ph\u00e1p ni\u1ec1ng r\u0103ng m\u1eafc c\u00e0i truy\u1ec1n th\u1ed1ng.<\/p>\r\n<p>\u0110\u1ec3 ni\u1ec1ng r\u0103ng kh\u00f4ng m\u1eafc c\u00e0i di\u1ec5n ra nhanh ch\u00f3ng, b\u1ea1n ph\u1ea3i t\u1ef1 \u00fd th\u1ee9c vi\u1ec7c \u0111eo khay ni\u1ec1ng khi \u0103n u\u1ed1ng v\u00e0 v\u1ec7 sinh r\u0103ng mi\u1ec7ng kh\u00f4ng qu\u00e1 22h\/ng\u00e0y. Nh\u01b0 v\u1eady th\u00ec b\u1ea1n ch\u1ec9 n\u00ean th\u00e1o khay ni\u1ec1ng khi \u0103n u\u1ed1ng v\u00e0 v\u1ec7 sinh r\u0103ng mi\u1ec7ng kh\u00f4ng qu\u00e1 2h\/ng\u00e0y.<\/p>\r\n\r\n\r\n\r\n\r\n\r\n<h2><strong>V. Quy tr\u00ecnh Ni\u1ec1ng r\u0103ng trong su\u1ed1t t\u1ea1i Nha khoa Qu\u1ed1c \u0110\u1ea1t<\/strong><\/h2>\r\n\r\n\r\n\r\n\r\n\r\n<ul>\r\n<li>Th\u0103m kh\u00e1m t\u1ed5ng qu\u00e1t v\u00e0 t\u01b0 v\u1ea5n ban \u0111\u1ea7u:<\/li>\r\n<\/ul>\r\n\r\n\r\n\r\n<p>\u0110\u1ea7u ti\u00ean b\u1ea1n s\u1ebd \u0111\u01b0\u1ee3c th\u0103m kh\u00e1m v\u00e0 ch\u1ee5p X \u2013 quang r\u0103ng \u0111\u1ec3 x\u00e1c \u0111\u1ecbnh ch\u00ednh x\u00e1c t\u00ecnh tr\u1ea1ng r\u0103ng mi\u1ec7ng c\u1ee7a b\u1ea1n c\u00f3 th\u00edch h\u1ee3p ni\u1ec1ng r\u0103ng trong su\u1ed1t hay kh\u00f4ng? N\u1ebfu \u0111\u01b0\u1ee3c th\u00ec tr\u01b0\u1edbc khi ni\u1ec1ng r\u0103ng b\u1ea1n ph\u1ea3i \u0111i\u1ec1u tr\u1ecb b\u1ec7nh l\u00fd r\u0103ng mi\u1ec7ng nh\u01b0 s\u00e2u r\u0103ng, vi\u00eam nha chu, c\u1ea1o v\u00f4i r\u0103ng,\u2026( n\u1ebfu c\u00f3) \u0111\u1ec3 \u0111\u1ea3m b\u1ea3o ni\u1ec1ng r\u0103ng \u0111\u1ea1t hi\u1ec3u qu\u1ea3 t\u1ed1i \u01b0u.<\/p>\r\n\r\n\r\n\r\n<ul>\r\n<li>Scan l\u1ea5y d\u1ea5u r\u0103ng v\u00e0 x\u00e2y d\u1ef1ng ph\u00e1c \u0111\u1ed3 \u0111i\u1ec1u tr\u1ecb Clincheck<\/li>\r\n<\/ul>\r\n<p>V\u1edbi k\u1ebft qu\u1ea3 Clincheck, kh\u00e1ch h\u00e0ng s\u1ebd \u0111\u01b0\u1ee3c nh\u00ecn th\u1ea5y ti\u1ebfn tr\u00ecnh ch\u1ec9nh nha c\u1ee7a m\u00ecnh qua t\u1eebng khay v\u00e0 th\u1ea5y \u0111\u01b0\u1ee3c k\u1ebft qu\u1ea3 d\u1ef1 \u0111o\u00e1n khi k\u1ebft th\u00fac.<\/p>\r\n<ul>\r\n<li>Nh\u1eadn b\u1ed9 khay ni\u1ec1ng<\/li>\r\n<li>Mang khay v\u00e0 kh\u00e1m \u0111\u1ecbnh k\u00ec (3 &#8211; 4 tu\u1ea7n\/l\u1ea7n) \u0111\u1ec3 ki\u1ec3m tra m\u1ee9c \u0111\u1ed9 di chuy\u1ec3n r\u0103ng cho \u0111\u1ebfn khi ho\u00e0n t\u1ea5t<\/li>\r\n<\/ul>\r\n\r\n\r\n\r\n<p>B\u1ec7nh nh\u00e2n n\u00ean \u0111eo khay th\u01b0\u1eddng xuy\u00ean, ngo\u1ea1i tr\u1eeb khi \u0103n u\u1ed1ng v\u00e0 v\u1ec7 sinh r\u0103ng. Trong su\u1ed1t qu\u00e1 tr\u00ecnh mang khay, c\u00f3 th\u1ec3 d\u1ec5 d\u00e0ng nh\u1eadn ra s\u1ef1 di chuy\u1ec3n d\u1ea7n d\u1ea7n v\u00e0o \u0111\u00fang v\u1ecb tr\u00ed c\u1ee7a r\u0103ng nh\u01b0 mong mu\u1ed1n.<\/p>\r\n\r\n\r\n\r\n\r\n\r\n\r\n\r\n<h2><strong>VI. Nh\u1eefng c\u00e2u h\u1ecfi th\u01b0\u1eddng g\u1eb7p v\u1ec1 ni\u1ec1ng r\u0103ng trong su\u1ed1t Invisalign<\/strong><\/h2>\r\n\r\n\r\n\r\n<p><strong>Ni\u1ec1ng r\u0103ng b\u1eb1ng khay trong su\u1ed1t c\u00f3 \u0111au kh\u00f4ng?\u00a0<\/strong>\u0110\u00e2y l\u00e0 \u0111i\u1ec1u m\u00e0 r\u1ea5t nhi\u1ec1u ng\u01b0\u1eddi b\u0103n kho\u0103n khi c\u00f3 \u00fd \u0111\u1ecbnh ni\u1ec1ng r\u0103ng, ban \u0111\u1ea7u khi m\u1edbi \u0111eo khay ni\u1ec1ng, m\u1ed9t s\u1ed1 ng\u01b0\u1eddi c\u00f3 th\u1ec3 th\u1ea5y h\u01a1i kh\u00f3 ch\u1ecbu, \u0111i\u1ec1u n\u00e0y l\u00e0 do b\u1ea1n c\u1ea3m th\u1ea5y c\u00f3 l\u1ef1c t\u00e1c \u0111\u1ed9ng l\u00ean r\u0103ng. \u0110\u00f3 c\u0169ng l\u00e0 d\u1ea5u hi\u1ec7u b\u1ed9 khay ch\u1ec9nh r\u0103ng \u0111ang ho\u1ea1t \u0111\u1ed9ng, d\u1ecbch chuy\u1ec3n r\u0103ng b\u1ea1n d\u1ea7n d\u1ea7n, gi\u00fap b\u1ea1n \u0111\u1ea1t \u0111\u01b0\u1ee3c k\u1ebft qu\u1ea3 cu\u1ed1i c\u00f9ng. S\u1ef1 kh\u00f3 ch\u1ecbu th\u01b0\u1eddng s\u1ebd bi\u1ebfn m\u1ea5t sau v\u00e0i ng\u00e0y.<\/p>\r\n\r\n\r\n\r\n<p><strong>Ni\u1ec1ng r\u0103ng trong su\u1ed1t c\u00f3 l\u00e2u h\u01a1n ni\u1ec1ng r\u0103ng th\u00f4ng th\u01b0\u1eddng kh\u00f4ng?\u00a0<\/strong>C\u0169ng nh\u01b0 c\u00e1c ph\u01b0\u01a1ng ph\u00e1p ni\u1ec1ng r\u0103ng kh\u00e1c, th\u1eddi gian ni\u1ec1ng ph\u1ee5 thu\u1ed9c v\u00e0o m\u1ee9c \u0111\u1ed9 ph\u1ee9c t\u1ea1p c\u1ee7a r\u0103ng. Th\u00f4ng th\u01b0\u1eddng vi\u1ec7c \u0111i\u1ec1u tr\u1ecb ni\u1ec1ng r\u0103ng Invisalign \u1edf ng\u01b0\u1eddi l\u1edbn k\u00e9o d\u00e0i t\u1eeb 1-2 n\u0103m.<\/p>\r\n\r\n\r\n\r\n<p><strong>\u0110\u1ed9 tu\u1ed5i n\u00e0o th\u00edch h\u1ee3p \u0111\u1ec3 ni\u1ec1ng r\u0103ng trong su\u1ed1t?\u00a0<\/strong>\u0110\u1ed9 tu\u1ed5i ni\u1ec1ng r\u0103ng c\u00e0ng cao th\u00ec th\u1eddi gian b\u1ea1n ph\u1ea3i \u0111eo ni\u1ec1ng r\u0103ng c\u00e0ng l\u00e2u.. Do \u0111\u00f3, ni\u1ec1ng r\u0103ng c\u00e0ng s\u1edbm s\u1ebd c\u00e0ng thu\u1eadn l\u1ee3i h\u01a1n. Theo c\u00e1c chuy\u00ean gia ch\u1ec9nh nha c\u0169ng nh\u01b0 Hi\u1ec7p h\u1ed9i ch\u1ec9nh nha Hoa K\u1ef3 (ADA), tr\u1ebb 7 tu\u1ed5i l\u00e0 th\u1eddi \u0111i\u1ec3m th\u00edch h\u1ee3p \u0111\u1ec3 kh\u00e1m \u0111i\u1ec1u tr\u1ecb ni\u1ec1ng r\u0103ng. Ni\u1ec1ng r\u0103ng s\u1edbm \u1edf tr\u1ebb th\u01b0\u1eddng g\u00e2y \u00edt \u0111au \u0111\u1edbn v\u00e0 kh\u00f3 ch\u1ecbu.<\/p>\r\n\r\n\r\n\r\n<p><strong>Ni\u1ec1ng r\u0103ng trong su\u1ed1t c\u00f3 \u0111i\u1ec1u tr\u1ecb \u0111\u01b0\u1ee3c nh\u1eefng ca kh\u00f3 kh\u00f4ng<\/strong><strong>?\u00a0<\/strong>Ni\u1ec1ng r\u0103ng trong su\u1ed1t ho\u00e0n to\u00e0n c\u00f3 th\u1ec3 \u0111i\u1ec1u tr\u1ecb \u0111\u01b0\u1ee3c nh\u1eefng ca ph\u1ee9c t\u1ea1p n\u1ebfu \u0111\u01b0\u1ee3c th\u1ef1c hi\u1ec7n b\u1edfi c\u00e1c b\u00e1c s\u0129 chuy\u00ean m\u00f4n cao v\u00e0 gi\u00e0u kinh nghi\u1ec7m.<\/p>\r\n\r\n\r\n\r\n<p><strong>Ni\u1ec1ng r\u0103ng trong su\u1ed1t c\u00f3 ph\u1ea3i nh\u1ed5 r\u0103ng kh\u00f4ng?\u00a0<\/strong>Trong m\u1ed9t s\u1ed1 tr\u01b0\u1eddng h\u1ee3p r\u0103ng h\u00f4, chen ch\u00fac n\u1eb7ng th\u00ec ni\u1ec1ng r\u0103ng trong su\u1ed1t v\u1eabn c\u1ea7n nh\u1ed5 r\u0103ng nh\u01b0 c\u00e1c ph\u01b0\u01a1ng ph\u00e1p kh\u00e1c. \u0110i\u1ec1u n\u00e0y nh\u1eb1m \u0111\u1ea3m b\u1ea3o \u0111\u1ee7 di\u1ec7n t\u00edch \u0111\u1ec3 r\u0103ng d\u1ecbch chuy\u1ec3n v\u1ec1 \u0111\u00fang v\u1ecb tr\u00ed \u0111\u1ec1u \u0111\u1eb9p tr\u00ean cung h\u00e0m.<\/p>\r\n\r\n\r\n\r\n<div dir=\"auto\">&#8212;&#8211;<\/div>\r\n<h1 dir=\"auto\"><strong>Nha khoa Qu\u1ed1c \u0110\u1ea1t &#8211; Trung t\u00e2m \u0111i\u1ec1u tr\u1ecb ni\u1ec1ng r\u0103ng b\u1eb1ng khay trong su\u1ed1t v\u1edbi:<\/strong><\/h1>\r\n<ul>\r\n<li dir=\"auto\">\u00a0B\u00e1c s\u0129 ch\u1ec9nh nha chuy\u00ean nghi\u1ec7p<\/li>\r\n<li dir=\"auto\">\u00a0M\u00e1y scan chuy\u00ean d\u1ee5ng cho ch\u1ec9nh nha Invisalign &#8211; iTero Element 5D tr\u1ecb gi\u00e1 h\u01a1n 1 t\u1ef7 \u0111\u1ed3ng<\/li>\r\n<li dir=\"auto\">\u00a0H\u1ec7 th\u1ed1ng d\u1eef li\u1ec7u theo d\u00f5i ti\u1ebfn tr\u00ecnh \u0111i\u1ec1u tr\u1ecb \u0111\u01b0\u1ee3c thi\u1ebft k\u1ebf chuy\u00ean nghi\u1ec7p d\u00e0nh ri\u00eang cho b\u1ec7nh nh\u00e2n ni\u1ec1ng r\u0103ng<\/li>\r\n<li dir=\"auto\">\u00a0\u0110\u1ed9i ng\u0169 nh\u00e2n vi\u00ean ch\u0103m s\u00f3c 1-on-1 cho t\u1eebng kh\u00e1ch h\u00e0ng<\/li>\r\n<\/ul>\r\n<p>C\u00f9ng theo d\u00f5i nh\u1eefng h\u00e0nh tr\u00ecnh \u0111em l\u1ea1i h\u1ea1nh ph\u00fac n\u1ee5 c\u01b0\u1eddi cho kh\u00e1ch h\u00e0ng t\u1ea1i Nha khoa Qu\u1ed1c \u0110\u1ea1t v\u1edbi \u0111i\u1ec1u tr\u1ecb ni\u1ec1ng r\u0103ng trong su\u1ed1t t\u1ea1i trang C\u00e2u chuy\u1ec7n nha khoa\u00a0<\/p>","protected":false},"excerpt":{"rendered":"<p>NI\u1ec0NG R\u0102NG TH\u1ea8M M\u1ef8 CAO V\u1edaI KHAY TRONG SU\u1ed0T Ni\u1ec1ng r\u0103ng l\u00e0 gi\u1ea3i ph\u00e1p ch\u1ec9nh h\u00ecnh r\u0103ng mi\u1ec7ng nh\u1eb1m mang l\u1ea1i m\u1ed9t h\u00e0m r\u0103ng \u0111\u1ec1u \u0111\u1eb9p, kh\u1edbp c\u1eafn kho\u1ebb m\u1ea1nh v\u00e0 n\u1ee5 c\u01b0\u1eddi t\u1ef1 tin. Tuy nhi\u00ean, ph\u01b0\u01a1ng ph\u00e1p ni\u1ec1ng r\u0103ng m\u1eafc c\u00e0i d\u00f9 mang t\u1edbi ch\u1ea5t l\u01b0\u1ee3ng \u0111i\u1ec1u tr\u1ecb cao nh\u01b0ng l\u1ea1i thi\u1ebfu t\u00ednh&#8230;<\/p>","protected":false},"author":6,"featured_media":1848,"parent":1701,"menu_order":0,"comment_status":"closed","ping_status":"closed","template":"","meta":[],"acf":[],"yoast_head":"<!-- This site is optimized with the Yoast SEO plugin v20.3 - https:\/\/yoast.com\/wordpress\/plugins\/seo\/ -->\n<title>Ch\u1ec9nh nha b\u1eb1ng khay trong su\u1ed1t t\u1ea1i Nha khoa Qu\u1ed1c \u0110\u1ea1t<\/title>\n<meta name=\"description\" content=\"Ch\u1ec9nh nha b\u1eb1ng khay trong su\u1ed1t \u1ee9ng d\u1ee5ng c\u00f4ng ngh\u1ec7 hi\u1ec7n \u0111\u1ea1i, d\u1ef1 \u0111o\u00e1n k\u1ebft qu\u1ea3 sau ch\u1ec9nh nha t\u1ea1i nha khoa Qu\u1ed1c \u0110\u1ea1t\" \/>\n<meta name=\"robots\" content=\"index, follow, max-snippet:-1, max-image-preview:large, max-video-preview:-1\" \/>\n<link rel=\"canonical\" href=\"https:\/\/nhakhoaquocdat.com\/en\/dich-vu-nha-khoa\/chinh-nha-bang-khay-trong-suot\/\" \/>\n<meta property=\"og:locale\" content=\"en_US\" \/>\n<meta property=\"og:type\" content=\"article\" \/>\n<meta property=\"og:title\" content=\"Ch\u1ec9nh nha b\u1eb1ng khay trong su\u1ed1t t\u1ea1i Nha khoa Qu\u1ed1c \u0110\u1ea1t\" \/>\n<meta property=\"og:description\" content=\"Ch\u1ec9nh nha b\u1eb1ng khay trong su\u1ed1t \u1ee9ng d\u1ee5ng c\u00f4ng ngh\u1ec7 hi\u1ec7n \u0111\u1ea1i, d\u1ef1 \u0111o\u00e1n k\u1ebft qu\u1ea3 sau ch\u1ec9nh nha t\u1ea1i nha khoa Qu\u1ed1c \u0110\u1ea1t\" \/>\n<meta property=\"og:url\" content=\"https:\/\/nhakhoaquocdat.com\/en\/dich-vu-nha-khoa\/chinh-nha-bang-khay-trong-suot\/\" \/>\n<meta property=\"og:site_name\" content=\"Ph\u00f2ng kh\u00e1m Nha khoa Qu\u1ed1c \u0110\u1ea1t\" \/>\n<meta property=\"article:modified_time\" content=\"2023-03-10T08:53:13+00:00\" \/>\n<meta property=\"og:image\" content=\"https:\/\/nhakhoaquocdat.com\/wp-content\/uploads\/2022\/05\/104617invisalign-1.jpg\" \/>\n\t<meta property=\"og:image:width\" content=\"1200\" \/>\n\t<meta property=\"og:image:height\" content=\"628\" \/>\n\t<meta property=\"og:image:type\" content=\"image\/jpeg\" \/>\n<meta name=\"twitter:card\" content=\"summary_large_image\" \/>\n<script type=\"application\/ld+json\" class=\"yoast-schema-graph\">{\"@context\":\"https:\/\/schema.org\",\"@graph\":[{\"@type\":\"WebPage\",\"@id\":\"https:\/\/nhakhoaquocdat.com\/dich-vu-nha-khoa\/chinh-nha-bang-khay-trong-suot\",\"url\":\"https:\/\/nhakhoaquocdat.com\/dich-vu-nha-khoa\/chinh-nha-bang-khay-trong-suot\",\"name\":\"Ch\u1ec9nh nha b\u1eb1ng khay trong su\u1ed1t t\u1ea1i Nha khoa Qu\u1ed1c \u0110\u1ea1t\",\"isPartOf\":{\"@id\":\"https:\/\/nhakhoaquocdat.com\/#website\"},\"datePublished\":\"2022-05-24T05:25:09+00:00\",\"dateModified\":\"2023-03-10T08:53:13+00:00\",\"description\":\"Ch\u1ec9nh nha b\u1eb1ng khay trong su\u1ed1t \u1ee9ng d\u1ee5ng c\u00f4ng ngh\u1ec7 hi\u1ec7n \u0111\u1ea1i, d\u1ef1 \u0111o\u00e1n k\u1ebft qu\u1ea3 sau ch\u1ec9nh nha t\u1ea1i nha khoa Qu\u1ed1c \u0110\u1ea1t\",\"breadcrumb\":{\"@id\":\"https:\/\/nhakhoaquocdat.com\/dich-vu-nha-khoa\/chinh-nha-bang-khay-trong-suot#breadcrumb\"},\"inLanguage\":\"en-US\",\"potentialAction\":[{\"@type\":\"ReadAction\",\"target\":[\"https:\/\/nhakhoaquocdat.com\/dich-vu-nha-khoa\/chinh-nha-bang-khay-trong-suot\"]}]},{\"@type\":\"BreadcrumbList\",\"@id\":\"https:\/\/nhakhoaquocdat.com\/dich-vu-nha-khoa\/chinh-nha-bang-khay-trong-suot#breadcrumb\",\"itemListElement\":[{\"@type\":\"ListItem\",\"position\":1,\"name\":\"Trang ch\u1ee7\",\"item\":\"https:\/\/nhakhoaquocdat.com\/\"},{\"@type\":\"ListItem\",\"position\":2,\"name\":\"D\u1ecbch v\u1ee5 nha khoa\",\"item\":\"https:\/\/nhakhoaquocdat.com\/dich-vu-nha-khoa\"},{\"@type\":\"ListItem\",\"position\":3,\"name\":\"Ch\u1ec9nh nha b\u1eb1ng khay trong su\u1ed1t\"}]},{\"@type\":\"WebSite\",\"@id\":\"https:\/\/nhakhoaquocdat.com\/#website\",\"url\":\"https:\/\/nhakhoaquocdat.com\/\",\"name\":\"Ph\u00f2ng kh\u00e1m Nha khoa Qu\u1ed1c \u0110\u1ea1t\",\"description\":\"Trao ni\u1ec1m tin, Tr\u1ecdn n\u1ee5 c\u01b0\u1eddi\",\"potentialAction\":[{\"@type\":\"SearchAction\",\"target\":{\"@type\":\"EntryPoint\",\"urlTemplate\":\"https:\/\/nhakhoaquocdat.com\/?s={search_term_string}\"},\"query-input\":\"required name=search_term_string\"}],\"inLanguage\":\"en-US\"}]}<\/script>\n<!-- \/ Yoast SEO plugin. -->","yoast_head_json":{"title":"Ch\u1ec9nh nha b\u1eb1ng khay trong su\u1ed1t t\u1ea1i Nha khoa Qu\u1ed1c \u0110\u1ea1t","description":"Ch\u1ec9nh nha b\u1eb1ng khay trong su\u1ed1t \u1ee9ng d\u1ee5ng c\u00f4ng ngh\u1ec7 hi\u1ec7n \u0111\u1ea1i, d\u1ef1 \u0111o\u00e1n k\u1ebft qu\u1ea3 sau ch\u1ec9nh nha t\u1ea1i nha khoa Qu\u1ed1c \u0110\u1ea1t","robots":{"index":"index","follow":"follow","max-snippet":"max-snippet:-1","max-image-preview":"max-image-preview:large","max-video-preview":"max-video-preview:-1"},"canonical":"https:\/\/nhakhoaquocdat.com\/en\/dich-vu-nha-khoa\/chinh-nha-bang-khay-trong-suot\/","og_locale":"en_US","og_type":"article","og_title":"Ch\u1ec9nh nha b\u1eb1ng khay trong su\u1ed1t t\u1ea1i Nha khoa Qu\u1ed1c \u0110\u1ea1t","og_description":"Ch\u1ec9nh nha b\u1eb1ng khay trong su\u1ed1t \u1ee9ng d\u1ee5ng c\u00f4ng ngh\u1ec7 hi\u1ec7n \u0111\u1ea1i, d\u1ef1 \u0111o\u00e1n k\u1ebft qu\u1ea3 sau ch\u1ec9nh nha t\u1ea1i nha khoa Qu\u1ed1c \u0110\u1ea1t","og_url":"https:\/\/nhakhoaquocdat.com\/en\/dich-vu-nha-khoa\/chinh-nha-bang-khay-trong-suot\/","og_site_name":"Ph\u00f2ng kh\u00e1m Nha khoa Qu\u1ed1c \u0110\u1ea1t","article_modified_time":"2023-03-10T08:53:13+00:00","og_image":[{"width":1200,"height":628,"url":"https:\/\/nhakhoaquocdat.com\/wp-content\/uploads\/2022\/05\/104617invisalign-1.jpg","type":"image\/jpeg"}],"twitter_card":"summary_large_image","schema":{"@context":"https:\/\/schema.org","@graph":[{"@type":"WebPage","@id":"https:\/\/nhakhoaquocdat.com\/dich-vu-nha-khoa\/chinh-nha-bang-khay-trong-suot","url":"https:\/\/nhakhoaquocdat.com\/dich-vu-nha-khoa\/chinh-nha-bang-khay-trong-suot","name":"Ch\u1ec9nh nha b\u1eb1ng khay trong su\u1ed1t t\u1ea1i Nha khoa Qu\u1ed1c \u0110\u1ea1t","isPartOf":{"@id":"https:\/\/nhakhoaquocdat.com\/#website"},"datePublished":"2022-05-24T05:25:09+00:00","dateModified":"2023-03-10T08:53:13+00:00","description":"Ch\u1ec9nh nha b\u1eb1ng khay trong su\u1ed1t \u1ee9ng d\u1ee5ng c\u00f4ng ngh\u1ec7 hi\u1ec7n \u0111\u1ea1i, d\u1ef1 \u0111o\u00e1n k\u1ebft qu\u1ea3 sau ch\u1ec9nh nha t\u1ea1i nha khoa Qu\u1ed1c \u0110\u1ea1t","breadcrumb":{"@id":"https:\/\/nhakhoaquocdat.com\/dich-vu-nha-khoa\/chinh-nha-bang-khay-trong-suot#breadcrumb"},"inLanguage":"en-US","potentialAction":[{"@type":"ReadAction","target":["https:\/\/nhakhoaquocdat.com\/dich-vu-nha-khoa\/chinh-nha-bang-khay-trong-suot"]}]},{"@type":"BreadcrumbList","@id":"https:\/\/nhakhoaquocdat.com\/dich-vu-nha-khoa\/chinh-nha-bang-khay-trong-suot#breadcrumb","itemListElement":[{"@type":"ListItem","position":1,"name":"Trang ch\u1ee7","item":"https:\/\/nhakhoaquocdat.com\/"},{"@type":"ListItem","position":2,"name":"D\u1ecbch v\u1ee5 nha khoa","item":"https:\/\/nhakhoaquocdat.com\/dich-vu-nha-khoa"},{"@type":"ListItem","position":3,"name":"Ch\u1ec9nh nha b\u1eb1ng khay trong su\u1ed1t"}]},{"@type":"WebSite","@id":"https:\/\/nhakhoaquocdat.com\/#website","url":"https:\/\/nhakhoaquocdat.com\/","name":"Ph\u00f2ng kh\u00e1m Nha khoa Qu\u1ed1c \u0110\u1ea1t","description":"Trao ni\u1ec1m tin, Tr\u1ecdn n\u1ee5 c\u01b0\u1eddi","potentialAction":[{"@type":"SearchAction","target":{"@type":"EntryPoint","urlTemplate":"https:\/\/nhakhoaquocdat.com\/?s={search_term_string}"},"query-input":"required name=search_term_string"}],"inLanguage":"en-US"}]}},"_links":{"self":[{"href":"https:\/\/nhakhoaquocdat.com\/en\/wp-json\/wp\/v2\/pages\/1978"}],"collection":[{"href":"https:\/\/nhakhoaquocdat.com\/en\/wp-json\/wp\/v2\/pages"}],"about":[{"href":"https:\/\/nhakhoaquocdat.com\/en\/wp-json\/wp\/v2\/types\/page"}],"author":[{"embeddable":true,"href":"https:\/\/nhakhoaquocdat.com\/en\/wp-json\/wp\/v2\/users\/6"}],"replies":[{"embeddable":true,"href":"https:\/\/nhakhoaquocdat.com\/en\/wp-json\/wp\/v2\/comments?post=1978"}],"version-history":[{"count":8,"href":"https:\/\/nhakhoaquocdat.com\/en\/wp-json\/wp\/v2\/pages\/1978\/revisions"}],"predecessor-version":[{"id":2340,"href":"https:\/\/nhakhoaquocdat.com\/en\/wp-json\/wp\/v2\/pages\/1978\/revisions\/2340"}],"up":[{"embeddable":true,"href":"https:\/\/nhakhoaquocdat.com\/en\/wp-json\/wp\/v2\/pages\/1701"}],"wp:featuredmedia":[{"embeddable":true,"href":"https:\/\/nhakhoaquocdat.com\/en\/wp-json\/wp\/v2\/media\/1848"}],"wp:attachment":[{"href":"https:\/\/nhakhoaquocdat.com\/en\/wp-json\/wp\/v2\/media?parent=1978"}],"curies":[{"name":"wp","href":"https:\/\/api.w.org\/{rel}","templated":true}]}}