{"id":1707,"date":"2022-05-11T17:37:38","date_gmt":"2022-05-11T10:37:38","guid":{"rendered":"http:\/\/localhost:9090\/?page_id=1707"},"modified":"2022-07-09T10:57:15","modified_gmt":"2022-07-09T03:57:15","slug":"khach-hang","status":"publish","type":"page","link":"https:\/\/nhakhoaquocdat.com\/en\/khach-hang","title":{"rendered":"Kh\u00e1ch h\u00e0ng"},"content":{"rendered":"","protected":false},"excerpt":{"rendered":"","protected":false},"author":6,"featured_media":1760,"parent":0,"menu_order":0,"comment_status":"closed","ping_status":"closed","template":"","meta":[],"acf":[],"yoast_head":"<!-- This site is optimized with the Yoast SEO plugin v20.3 - https:\/\/yoast.com\/wordpress\/plugins\/seo\/ -->\n<title>Kh\u00e1ch h\u00e0ng lu\u00f4n h\u00e0i l\u00f2ng v\u1edbi tr\u1ea3i nghi\u1ec7m ni\u1ec1ng r\u0103ng tr\u1ea3 g\u00f3p c\u1ee7a nha khoa<\/title>\n<meta name=\"description\" content=\"Mang l\u1ea1i nhi\u1ec1u gi\u00e1 tr\u1ecb thi\u1ebft th\u1ef1c, Nha khoa Qu\u1ed1c \u0110\u1ea1t lu\u00f4n gi\u1eef v\u1eefng ch\u1ea5t l\u01b0\u1ee3ng d\u1ecbch v\u1ee5 \u0111\u1ed3ng th\u1eddi t\u1ea1o nhi\u1ec1u \u01b0u \u0111\u00e3i nh\u01b0 ni\u1ec1ng r\u0103ng tr\u1ea3 g\u00f3p t\u1edbi kh\u00e1ch h\u00e0ng.\" \/>\n<meta name=\"robots\" content=\"index, follow, max-snippet:-1, max-image-preview:large, max-video-preview:-1\" \/>\n<link rel=\"canonical\" href=\"https:\/\/nhakhoaquocdat.com\/en\/khach-hang\/\" \/>\n<meta property=\"og:locale\" content=\"en_US\" \/>\n<meta property=\"og:type\" content=\"article\" \/>\n<meta property=\"og:title\" content=\"Kh\u00e1ch h\u00e0ng lu\u00f4n h\u00e0i l\u00f2ng v\u1edbi tr\u1ea3i nghi\u1ec7m ni\u1ec1ng r\u0103ng tr\u1ea3 g\u00f3p c\u1ee7a nha khoa\" \/>\n<meta property=\"og:description\" content=\"Mang l\u1ea1i nhi\u1ec1u gi\u00e1 tr\u1ecb thi\u1ebft th\u1ef1c, Nha khoa Qu\u1ed1c \u0110\u1ea1t lu\u00f4n gi\u1eef v\u1eefng ch\u1ea5t l\u01b0\u1ee3ng d\u1ecbch v\u1ee5 \u0111\u1ed3ng th\u1eddi t\u1ea1o nhi\u1ec1u \u01b0u \u0111\u00e3i nh\u01b0 ni\u1ec1ng r\u0103ng tr\u1ea3 g\u00f3p t\u1edbi kh\u00e1ch h\u00e0ng.\" \/>\n<meta property=\"og:url\" content=\"https:\/\/nhakhoaquocdat.com\/en\/khach-hang\/\" \/>\n<meta property=\"og:site_name\" content=\"Ph\u00f2ng kh\u00e1m Nha khoa Qu\u1ed1c \u0110\u1ea1t\" \/>\n<meta property=\"article:modified_time\" content=\"2022-07-09T03:57:15+00:00\" \/>\n<meta property=\"og:image\" content=\"https:\/\/nhakhoaquocdat.com\/wp-content\/uploads\/2022\/05\/quytrinh1.jpg\" \/>\n\t<meta property=\"og:image:width\" content=\"399\" \/>\n\t<meta property=\"og:image:height\" content=\"400\" \/>\n\t<meta property=\"og:image:type\" content=\"image\/jpeg\" \/>\n<meta name=\"twitter:card\" content=\"summary_large_image\" \/>\n<script type=\"application\/ld+json\" class=\"yoast-schema-graph\">{\"@context\":\"https:\/\/schema.org\",\"@graph\":[{\"@type\":\"WebPage\",\"@id\":\"https:\/\/nhakhoaquocdat.com\/khach-hang\",\"url\":\"https:\/\/nhakhoaquocdat.com\/khach-hang\",\"name\":\"Kh\u00e1ch h\u00e0ng lu\u00f4n h\u00e0i l\u00f2ng v\u1edbi tr\u1ea3i nghi\u1ec7m ni\u1ec1ng r\u0103ng tr\u1ea3 g\u00f3p c\u1ee7a nha khoa\",\"isPartOf\":{\"@id\":\"https:\/\/nhakhoaquocdat.com\/#website\"},\"datePublished\":\"2022-05-11T10:37:38+00:00\",\"dateModified\":\"2022-07-09T03:57:15+00:00\",\"description\":\"Mang l\u1ea1i nhi\u1ec1u gi\u00e1 tr\u1ecb thi\u1ebft th\u1ef1c, Nha khoa Qu\u1ed1c \u0110\u1ea1t lu\u00f4n gi\u1eef v\u1eefng ch\u1ea5t l\u01b0\u1ee3ng d\u1ecbch v\u1ee5 \u0111\u1ed3ng th\u1eddi t\u1ea1o nhi\u1ec1u \u01b0u \u0111\u00e3i nh\u01b0 ni\u1ec1ng r\u0103ng tr\u1ea3 g\u00f3p t\u1edbi kh\u00e1ch h\u00e0ng.\",\"breadcrumb\":{\"@id\":\"https:\/\/nhakhoaquocdat.com\/khach-hang#breadcrumb\"},\"inLanguage\":\"en-US\",\"potentialAction\":[{\"@type\":\"ReadAction\",\"target\":[\"https:\/\/nhakhoaquocdat.com\/khach-hang\"]}]},{\"@type\":\"BreadcrumbList\",\"@id\":\"https:\/\/nhakhoaquocdat.com\/khach-hang#breadcrumb\",\"itemListElement\":[{\"@type\":\"ListItem\",\"position\":1,\"name\":\"Trang ch\u1ee7\",\"item\":\"https:\/\/nhakhoaquocdat.com\/\"},{\"@type\":\"ListItem\",\"position\":2,\"name\":\"Kh\u00e1ch h\u00e0ng\"}]},{\"@type\":\"WebSite\",\"@id\":\"https:\/\/nhakhoaquocdat.com\/#website\",\"url\":\"https:\/\/nhakhoaquocdat.com\/\",\"name\":\"Ph\u00f2ng kh\u00e1m Nha khoa Qu\u1ed1c \u0110\u1ea1t\",\"description\":\"Trao ni\u1ec1m tin, Tr\u1ecdn n\u1ee5 c\u01b0\u1eddi\",\"potentialAction\":[{\"@type\":\"SearchAction\",\"target\":{\"@type\":\"EntryPoint\",\"urlTemplate\":\"https:\/\/nhakhoaquocdat.com\/?s={search_term_string}\"},\"query-input\":\"required name=search_term_string\"}],\"inLanguage\":\"en-US\"}]}<\/script>\n<!-- \/ Yoast SEO plugin. -->","yoast_head_json":{"title":"Kh\u00e1ch h\u00e0ng lu\u00f4n h\u00e0i l\u00f2ng v\u1edbi tr\u1ea3i nghi\u1ec7m ni\u1ec1ng r\u0103ng tr\u1ea3 g\u00f3p c\u1ee7a nha khoa","description":"Mang l\u1ea1i nhi\u1ec1u gi\u00e1 tr\u1ecb thi\u1ebft th\u1ef1c, Nha khoa Qu\u1ed1c \u0110\u1ea1t lu\u00f4n gi\u1eef v\u1eefng ch\u1ea5t l\u01b0\u1ee3ng d\u1ecbch v\u1ee5 \u0111\u1ed3ng th\u1eddi t\u1ea1o nhi\u1ec1u \u01b0u \u0111\u00e3i nh\u01b0 ni\u1ec1ng r\u0103ng tr\u1ea3 g\u00f3p t\u1edbi kh\u00e1ch h\u00e0ng.","robots":{"index":"index","follow":"follow","max-snippet":"max-snippet:-1","max-image-preview":"max-image-preview:large","max-video-preview":"max-video-preview:-1"},"canonical":"https:\/\/nhakhoaquocdat.com\/en\/khach-hang\/","og_locale":"en_US","og_type":"article","og_title":"Kh\u00e1ch h\u00e0ng lu\u00f4n h\u00e0i l\u00f2ng v\u1edbi tr\u1ea3i nghi\u1ec7m ni\u1ec1ng r\u0103ng tr\u1ea3 g\u00f3p c\u1ee7a nha khoa","og_description":"Mang l\u1ea1i nhi\u1ec1u gi\u00e1 tr\u1ecb thi\u1ebft th\u1ef1c, Nha khoa Qu\u1ed1c \u0110\u1ea1t lu\u00f4n gi\u1eef v\u1eefng ch\u1ea5t l\u01b0\u1ee3ng d\u1ecbch v\u1ee5 \u0111\u1ed3ng th\u1eddi t\u1ea1o nhi\u1ec1u \u01b0u \u0111\u00e3i nh\u01b0 ni\u1ec1ng r\u0103ng tr\u1ea3 g\u00f3p t\u1edbi kh\u00e1ch h\u00e0ng.","og_url":"https:\/\/nhakhoaquocdat.com\/en\/khach-hang\/","og_site_name":"Ph\u00f2ng kh\u00e1m Nha khoa Qu\u1ed1c \u0110\u1ea1t","article_modified_time":"2022-07-09T03:57:15+00:00","og_image":[{"width":399,"height":400,"url":"https:\/\/nhakhoaquocdat.com\/wp-content\/uploads\/2022\/05\/quytrinh1.jpg","type":"image\/jpeg"}],"twitter_card":"summary_large_image","schema":{"@context":"https:\/\/schema.org","@graph":[{"@type":"WebPage","@id":"https:\/\/nhakhoaquocdat.com\/khach-hang","url":"https:\/\/nhakhoaquocdat.com\/khach-hang","name":"Kh\u00e1ch h\u00e0ng lu\u00f4n h\u00e0i l\u00f2ng v\u1edbi tr\u1ea3i nghi\u1ec7m ni\u1ec1ng r\u0103ng tr\u1ea3 g\u00f3p c\u1ee7a nha khoa","isPartOf":{"@id":"https:\/\/nhakhoaquocdat.com\/#website"},"datePublished":"2022-05-11T10:37:38+00:00","dateModified":"2022-07-09T03:57:15+00:00","description":"Mang l\u1ea1i nhi\u1ec1u gi\u00e1 tr\u1ecb thi\u1ebft th\u1ef1c, Nha khoa Qu\u1ed1c \u0110\u1ea1t lu\u00f4n gi\u1eef v\u1eefng ch\u1ea5t l\u01b0\u1ee3ng d\u1ecbch v\u1ee5 \u0111\u1ed3ng th\u1eddi t\u1ea1o nhi\u1ec1u \u01b0u \u0111\u00e3i nh\u01b0 ni\u1ec1ng r\u0103ng tr\u1ea3 g\u00f3p t\u1edbi kh\u00e1ch h\u00e0ng.","breadcrumb":{"@id":"https:\/\/nhakhoaquocdat.com\/khach-hang#breadcrumb"},"inLanguage":"en-US","potentialAction":[{"@type":"ReadAction","target":["https:\/\/nhakhoaquocdat.com\/khach-hang"]}]},{"@type":"BreadcrumbList","@id":"https:\/\/nhakhoaquocdat.com\/khach-hang#breadcrumb","itemListElement":[{"@type":"ListItem","position":1,"name":"Trang ch\u1ee7","item":"https:\/\/nhakhoaquocdat.com\/"},{"@type":"ListItem","position":2,"name":"Kh\u00e1ch h\u00e0ng"}]},{"@type":"WebSite","@id":"https:\/\/nhakhoaquocdat.com\/#website","url":"https:\/\/nhakhoaquocdat.com\/","name":"Ph\u00f2ng kh\u00e1m Nha khoa Qu\u1ed1c \u0110\u1ea1t","description":"Trao ni\u1ec1m tin, Tr\u1ecdn n\u1ee5 c\u01b0\u1eddi","potentialAction":[{"@type":"SearchAction","target":{"@type":"EntryPoint","urlTemplate":"https:\/\/nhakhoaquocdat.com\/?s={search_term_string}"},"query-input":"required name=search_term_string"}],"inLanguage":"en-US"}]}},"_links":{"self":[{"href":"https:\/\/nhakhoaquocdat.com\/en\/wp-json\/wp\/v2\/pages\/1707"}],"collection":[{"href":"https:\/\/nhakhoaquocdat.com\/en\/wp-json\/wp\/v2\/pages"}],"about":[{"href":"https:\/\/nhakhoaquocdat.com\/en\/wp-json\/wp\/v2\/types\/page"}],"author":[{"embeddable":true,"href":"https:\/\/nhakhoaquocdat.com\/en\/wp-json\/wp\/v2\/users\/6"}],"replies":[{"embeddable":true,"href":"https:\/\/nhakhoaquocdat.com\/en\/wp-json\/wp\/v2\/comments?post=1707"}],"version-history":[{"count":1,"href":"https:\/\/nhakhoaquocdat.com\/en\/wp-json\/wp\/v2\/pages\/1707\/revisions"}],"predecessor-version":[{"id":1709,"href":"https:\/\/nhakhoaquocdat.com\/en\/wp-json\/wp\/v2\/pages\/1707\/revisions\/1709"}],"wp:featuredmedia":[{"embeddable":true,"href":"https:\/\/nhakhoaquocdat.com\/en\/wp-json\/wp\/v2\/media\/1760"}],"wp:attachment":[{"href":"https:\/\/nhakhoaquocdat.com\/en\/wp-json\/wp\/v2\/media?parent=1707"}],"curies":[{"name":"wp","href":"https:\/\/api.w.org\/{rel}","templated":true}]}}