{"id":1698,"date":"2022-05-11T17:36:24","date_gmt":"2022-05-11T10:36:24","guid":{"rendered":"http:\/\/localhost:9090\/?page_id=1698"},"modified":"2023-03-10T10:36:31","modified_gmt":"2023-03-10T03:36:31","slug":"quy-trinh-dieu-tri","status":"publish","type":"page","link":"https:\/\/nhakhoaquocdat.com\/en\/quy-trinh-dieu-tri","title":{"rendered":"Quy tr\u00ecnh \u0111i\u1ec1u tr\u1ecb"},"content":{"rendered":"<div class=\"row\"  id=\"row-820330394\"> \n\t<div id=\"col-1208512512\" class=\"col small-12 large-12\"  >\n\t\t\t\t<div class=\"col-inner\"  >\n\t\t\t\n\t\t\t \t<div id=\"gap-675451851\" class=\"gap-element clearfix hide-for-medium\" style=\"display:block; height:auto;\">\n\t\t\n<style>\n#gap-675451851 {\n  padding-top: 50px;\n}\n<\/style>\n\t<\/div>\n\t\r\n<h2 style=\"text-align: center;\"><span style=\"font-size: 130%;\"><strong>Quy tr\u00ecnh \u0111i\u1ec1u tr\u1ecb t\u1ea1i Nha khoa Qu\u1ed1c \u0110\u1ea1t<\/strong><\/span><\/h2>\r\n\t\t<\/div>\n\t\t\t\t\t<\/div>\n\n\t \n\t<div id=\"col-883427049\" class=\"col small-12 large-12\"  >\n\t\t\t\t<div class=\"col-inner\"  >\n\t\t\t\n\t\t\t \t<div class=\"img has-hover x md-x lg-x y md-y lg-y\" id=\"image_1636496607\">\n\t\t\t\t\t\t\t\t<div class=\"img-inner image-cover dark\" style=\"padding-top:56.25%;\">\n\t\t\t<img width=\"880\" height=\"806\" src=\"https:\/\/nhakhoaquocdat.com\/wp-content\/uploads\/2022\/05\/278965990_292705029700209_4768313793620188770_n-1.jpg\" class=\"attachment-original size-original\" alt=\"\" decoding=\"async\" loading=\"lazy\" \/>\t\t\t\t\t\t\n\t\t\t\t\t<\/div>\n\t\t\t\t\t\t\t\t\n<style>\n#image_1636496607 {\n  width: 100%;\n}\n<\/style>\n\t<\/div>\n\t \t\t<\/div>\n\t\t\t\t\t<\/div>\n\n\t <\/div> <div class=\"row\"  id=\"row-2085115642\"> \n\t<div id=\"col-216831766\" class=\"col hide-for-small medium-2 small-12 large-2\"  >\n\t\t\t\t<div class=\"col-inner\"  >\n\t\t\t\n\t\t\t \t\t<\/div>\n\t\t\t\t\t<\/div>\n\n\t \n\t<div id=\"col-1059961660\" class=\"col medium-8 small-12 large-8\"  >\n\t\t\t\t<div class=\"col-inner\"  >\n\t\t\t\n\t\t\t\r\n<p>V\u1edbi \u0111\u1ea7y \u0111\u1ee7 trang thi\u1ebft b\u1ecb c\u00f4ng ngh\u1ec7 cao v\u00e0 m\u1ed9t \u0111\u1ed9i ng\u0169 nh\u00e2n vi\u00ean gi\u00e0u kinh nghi\u1ec7m, th\u1ea5u hi\u1ec3u nh\u1eefng b\u0103n kho\u0103n lo l\u1eafng c\u1ee7a kh\u00e1ch h\u00e0ng, Nha khoa Qu\u1ed1c \u0110\u1ea1t kh\u00f4ng ng\u1eebng c\u1ea3i ti\u1ebfn v\u00e0 t\u1ed1i \u01b0u ho\u00e1 quy tr\u00ecnh \u0111i\u1ec1u tr\u1ecb sao cho thu\u1eadn ti\u1ec7n nh\u1ea5t c\u1ee7a kh\u00e1ch h\u00e0ng tr\u1ea3i nghi\u1ec7m t\u1ea1i ph\u00f2ng kh\u00e1m c\u0169ng nh\u01b0 \u0111\u1ed9i ng\u0169 nh\u00e2n vi\u00ean ph\u00f2ng kh\u00e1m. V\u00ec v\u1eady, vi\u1ec7c hi\u1ec3u r\u00f5 v\u1ec1 quy tr\u00ecnh \u0111i\u1ec1u tr\u1ecb t\u1ea1i Nha khoa Qu\u1ed1c \u0110\u1ea1t s\u1ebd gi\u00fap qu\u00fd kh\u00e1ch h\u00e0ng chu\u1ea9n b\u1ecb t\u1ed1t h\u01a1n tr\u01b0\u1edbc khi t\u1edbi c\u0169ng nh\u01b0 ti\u1ebft ki\u1ec7m th\u1eddi gian v\u00e0 c\u00f4ng s\u1ee9c.<\/p>\r\n<p><strong>B\u01b0\u1edbc 1: C\u1eadp nh\u1eadt l\u1ecbch s\u1eed r\u0103ng mi\u1ec7ng:<\/strong><\/p>\r\n<p>\u0110\u00e2y l\u00e0 b\u01b0\u1edbc \u0111\u1ea7u ti\u00ean gi\u00fap b\u00e1c s\u0129 hi\u1ec3u r\u00f5 v\u1ec1 r\u0103ng mi\u1ec7ng kh\u00e1ch h\u00e0ng. \u0110\u1ed3ng th\u1eddi c\u00f3 th\u1ec3 gi\u1ea3m thi\u1ec3u r\u1ee7i ro trong qu\u00e1 tr\u00ecnh kh\u00e1m ho\u1eb7c \u0111i\u1ec1u tr\u1ecb (n\u1ebfu c\u00f3) <br \/>C\u00e1c v\u1ea5n \u0111\u1ec1 th\u01b0\u1eddng \u0111\u01b0\u1ee3c c\u00e1c nha s\u0129 \u0111\u1ec1 c\u1eadp g\u1ed3m:<\/p>\r\n<ul>\r\n<li>Lo\u1ea1i thu\u1ed1c \u0111ang s\u1eed d\u1ee5ng.<\/li>\r\n<li><span style=\"color: #555555;\">T\u00ecnh tr\u1ea1ng s\u1ee9c kh\u1ecfe. V\u00ed d\u1ee5 c\u00f3 m\u1eafc c\u00e1c b\u1ec7nh m\u00e3n t\u00ednh (ti\u1ec3u \u0111\u01b0\u1eddng, tim, m\u1ee1 trong m\u00e1u) ho\u1eb7c c\u00f3 \u0111ang mang thai kh\u00f4ng ho\u1eb7c c\u00e1c d\u1ea5u hi\u1ec7u th\u01b0\u1eddng g\u1eb7p \u1edf r\u0103ng mi\u1ec7ng<\/span><\/li>\r\n<li><span style=\"color: #555555;\">Lo \u00e2u ho\u1eb7c c\u0103ng th\u1eb3ng th\u01b0\u1eddng g\u1eb7p<\/span><\/li>\r\n<li><span style=\"color: #555555;\">D\u1ecb \u1ee9ng<\/span><\/li>\r\n<\/ul>\r\n<p><strong>B\u01b0\u1edbc 2: Ki\u1ec3m tra r\u0103ng mi\u1ec7ng t\u1ed5ng qu\u00e1t:<\/strong><\/p>\r\n<p>C\u0169ng gi\u1ed1ng nh\u01b0 \u0111i kh\u00e1m s\u1ee9c kh\u1ecfe \u0111\u1ecbnh k\u00ec th\u00ec \u0111i kh\u00e1m r\u0103ng mi\u1ec7ng \u0111\u1ecbnh k\u00ec, c\u00e1c b\u00e1c s\u0129 c\u0169ng s\u1ebd kh\u00e1m t\u1ed5ng qu\u00e1t c\u00e1c v\u1ea5n \u0111\u1ec1 v\u1ec1 r\u0103ng mi\u1ec7ng cho kh\u00e1ch h\u00e0ng. B\u00ean c\u1ea1nh \u0111\u00f3, b\u00e1c s\u0129 s\u1ebd ki\u1ec3m tra:<\/p>\r\n<ul>\r\n<li>Sau v\u00e0 gi\u1eefa c\u00e1c r\u0103ng.<\/li>\r\n<li>N\u01b0\u1edbu r\u0103ng.<\/li>\r\n<li>Men r\u0103ng v\u00e0 ng\u00e0 r\u0103ng<\/li>\r\n<\/ul>\r\n<p><img decoding=\"async\" loading=\"lazy\" class=\"alignnone size-full wp-image-1771\" src=\"https:\/\/nhakhoaquocdat.com\/wp-content\/uploads\/2022\/05\/post1.jpg\" alt=\"\" width=\"800\" height=\"600\" \/><\/p>\r\n<p><strong>B\u01b0\u1edbc 3: Ch\u1ee5p X-quang v\u00e0 th\u1ef1c hi\u1ec7n c\u00e1c x\u00e9t nghi\u1ec7m kh\u00e1c:<\/strong><\/p>\r\n<p>&nbsp;<\/p>\r\n<p><img decoding=\"async\" loading=\"lazy\" class=\"aligncenter wp-image-1846 size-full\" src=\"https:\/\/nhakhoaquocdat.com\/wp-content\/uploads\/2022\/05\/280111164_302297635407615_2691858782765695437_n.jpg\" alt=\"Nha khoa hi\u1ec7n \u0111\u1ea1i\" width=\"1536\" height=\"2048\" \/><\/p>\r\n<p>T\u00f9y theo \u0111\u1ed9 tu\u1ed5i, s\u1ee9c kh\u1ecfe ho\u1eb7c ch\u1ec9 \u0111\u1ecbnh khi nha s\u0129 nghi ng\u1edd c\u00f3 xu\u1ea5t hi\u1ec7n \u00e2m th\u1ea7m c\u00e1c v\u1ea5n \u0111\u1ec1 r\u0103ng mi\u1ec7ng, ch\u1ee5p phim X \u2013 quang ho\u1eb7c c\u00e1c x\u00e9t nghi\u1ec7m kh\u00e1c c\u00f3 th\u1ec3 \u0111\u01b0\u1ee3c ch\u1ec9 \u0111\u1ecbnh \u0111\u1ec3 ki\u1ec3m tra k\u1ef9 h\u01a1n.<\/p>\r\n<p><strong>B\u01b0\u1edbc 4: Th\u00f4ng b\u00e1o k\u1ebft qu\u1ea3 v\u00e0 t\u01b0 v\u1ea5n th\u00eam:<\/strong><\/p>\r\n<p>B\u00e1c s\u0129 s\u1ebd th\u00f4ng b\u00e1o t\u00ecnh tr\u1ea1ng r\u0103ng mi\u1ec7ng hi\u1ec7n t\u1ea1i v\u00e0 c\u00f3 nh\u1eefng t\u01b0 v\u1ea5n ph\u00f9 h\u1ee3p v\u1edbi t\u00ecnh tr\u1ea1ng r\u0103ng mi\u1ec7ng c\u1ee7a qu\u00fd kh\u00e1ch. Ngo\u00e0i ra, b\u00e1c s\u0129 s\u1ebd cho \u0111\u01b0a ra c\u00e1c h\u01b0\u1edbng d\u1eabn ch\u0103m s\u00f3c r\u0103ng mi\u1ec7ng khoa h\u1ecdc.<\/p>\r\n<p><strong>B\u01b0\u1edbc 5: H\u1eb9n l\u1ea7n t\u00e1i kh\u00e1m n\u1ebfu c\u1ea7n thi\u1ebft<\/strong><\/p>\r\n<p>&nbsp;<\/p>\r\n<h1><strong>Ph\u00f2ng kh\u00e1m nha khoa hi\u1ec7n \u0111\u1ea1i, quy tr\u00ecnh chuy\u00ean nghi\u1ec7p<\/strong><\/h1>\r\n<ul>\r\n<li>Li\u00ean h\u1ec7 \u0111\u1eb7t l\u1ecbch linh ho\u1ea1t v\u1edbi th\u1eddi gian c\u1ee7a qu\u00fd kh\u00e1ch h\u00e0ng<\/li>\r\n<li>H\u1ed7 tr\u1ee3 \u0111\u1ed5i l\u1ecbch, x\u1ebfp l\u1ecbch \u0111\u1ed9t xu\u1ea5t 24\/7\u00a0<\/li>\r\n<li>Quy tr\u00ecnh \u0111i\u1ec1u tr\u1ecb ng\u1eafn g\u1ecdn, cung c\u1ea5p \u0111\u1ea7y \u0111\u1ee7 th\u00f4ng tin kh\u00e1ch h\u00e0ng c\u1ea7n<\/li>\r\n<li>\u0110\u01b0\u1ee3c th\u0103m kh\u00e1m b\u1edfi \u0111\u1ed9i ng\u0169 b\u00e1c s\u0129 c\u00f3 chuy\u00ean m\u00f4n cao, gi\u00e0u kinh nghi\u1ec7m trong ngh\u1ec1<\/li>\r\n<li>H\u1ed7 tr\u1ee3 c\u00e1c gi\u1ea5y t\u1edd cho b\u1ea3o hi\u1ec3m<\/li>\r\n<li><span style=\"color: #555555;\">H\u1ec7 th\u1ed1ng trang thi\u1ebft b\u1ecb hi\u1ec7n \u0111\u1ea1i \u0111\u01b0\u1ee3c nh\u1eadp kh\u1ea9u t\u1eeb c\u00e1c n\u01b0\u1edbc c\u00f3 n\u1ec1n nha khoa h\u00e0ng \u0111\u1ea7u th\u1ebf gi\u1edbi: M\u1ef9, H\u00e0n Qu\u1ed1c&#8230; t\u00edch h\u1ee3p tr\u00ean h\u1ec7 th\u1ed1ng l\u01b0u tr\u1eef ph\u00f2ng kh\u00e1m.<\/span><\/li>\r\n<li><span style=\"color: #555555;\">Gi\u00e1 c\u1ea3 h\u1ee3p l\u00ed v\u00e0 ph\u00f9 h\u1ee3p v\u1edbi m\u1ecdi ng\u01b0\u1eddi<\/span><\/li>\r\n<\/ul>\r\n<p>Nha khoa Qu\u1ed1c \u0110\u1ea1t \u0111\u01b0\u1ee3c r\u1ea5t nhi\u1ec1u kh\u00e1ch h\u00e0nh \u0111\u00e1nh gi\u00e1 cao v\u1ec1 ch\u1ea5t l\u01b0\u1ee3ng d\u1ecbch v\u1ee5 c\u0169ng nh\u01b0 th\u00e1i \u0111\u1ed9 nh\u00e2n vi\u00ean th\u00e2n thi\u1ec7n, chuy\u00ean nghi\u1ec7p.<\/p>\r\n<p>N\u1ebfu c\u00f3 b\u1ea5t c\u1ee9 th\u1eafc m\u1eafc g\u00ec v\u1ec1 r\u0103ng mi\u1ec7ng, \u0111\u1eebng do d\u1ef1 h\u00e3y t\u1edbi ph\u00f2ng kh\u00e1m Nha khoa Qu\u1ed1c \u0110\u1ea1t \u0111\u1ec3 \u0111\u01b0\u1ee3c t\u01b0 v\u1ea5n mi\u1ec5n ph\u00ed gi\u00fap gi\u1ea3i \u0111\u00e1p c\u00e1c th\u1eafc m\u1eafc b\u1edfi \u0111\u1ed9i ng\u0169 b\u00e1c s\u0129 c\u1ee7a ch\u00fang t\u00f4i.<\/p>\r\n\t\t<\/div>\n\t\t\t\t\t<\/div>\n\n\t \n\t<div id=\"col-1188544446\" class=\"col hide-for-small medium-2 small-12 large-2\"  >\n\t\t\t\t<div class=\"col-inner\"  >\n\t\t\t\n\t\t\t \t\t<\/div>\n\t\t\t\t\t<\/div>\n\n\t <\/div> \t<div id=\"gap-416959395\" class=\"gap-element clearfix\" style=\"display:block; height:auto;\">\n\t\t\n<style>\n#gap-416959395 {\n  padding-top: 50px;\n}\n<\/style>\n\t<\/div>\n\t <div class=\"row\"  id=\"row-1963366855\">\r\n\r\n\n\t<div id=\"col-1747226971\" class=\"col small-12 large-12\"  >\n\t\t\t\t<div class=\"col-inner\"  >\n\t\t\t\n\t\t\t\r\n\r\n\n  <div class=\"banner has-hover\" id=\"banner-445290030\">\n          <div class=\"banner-inner fill\">\n        <div class=\"banner-bg fill\" >\n            <div class=\"bg fill bg-fill bg-loaded\"><\/div>\n                                    \n                    <\/div>\n\t\t\n        <div class=\"banner-layers container\">\n            <div class=\"fill banner-link\"><\/div>            \r\n\r\n   <div id=\"text-box-184218135\" class=\"text-box banner-layer x100 md-x100 lg-x100 y50 md-y50 lg-y50 res-text\">\n                                <div class=\"text-box-content text\">\n              \n              <div class=\"text-inner text-left\">\n                  \r\n<h2 class=\"uppercase\"><b>TRAO NI\u1ec0M TIN - TR\u1eccN N\u1ee4 C\u01af\u1edcI<\/b><\/h2>\r\nLi\u00ean h\u1ec7 Nha khoa Qu\u1ed1c \u0110\u1ea1t ngay h\u00f4m nay \u0111\u1ec3 \u0111\u01b0\u1ee3c t\u01b0 v\u1ea5n t\u1eadn t\u00e2m v\u00e0 ch\u00ednh x\u00e1c nh\u1ea5t\r\n\r\n<a class=\"button primary is-large popmake-2096\"  >\n    <span>\u0110\u1eb7t l\u1ecbch t\u01b0 v\u1ea5n ngay!<\/span>\n  <i class=\"icon-angle-right\" ><\/i><\/a>\n\r\n\r\n              <\/div>\n           <\/div>\n                            \n<style>\n#text-box-184218135 {\n  width: 60%;\n}\n#text-box-184218135 .text-box-content {\n  font-size: 100%;\n}\n@media (min-width:550px) {\n  #text-box-184218135 {\n    width: 40%;\n  }\n}\n<\/style>\n    <\/div>\n \r\n\r\n        <\/div>\n      <\/div>\n\n            \n<style>\n#banner-445290030 {\n  padding-top: 500px;\n}\n#banner-445290030 .bg.bg-loaded {\n  background-image: url(https:\/\/nhakhoaquocdat.com\/wp-content\/uploads\/2022\/06\/background-doctor-1024x356.jpg);\n}\n#banner-445290030 .ux-shape-divider--top svg {\n  height: 150px;\n  --divider-top-width: 100%;\n}\n#banner-445290030 .ux-shape-divider--bottom svg {\n  height: 150px;\n  --divider-width: 100%;\n}\n<\/style>\n  <\/div>\n\n\r\n\r\n\t\t<\/div>\n\t\t\t\t\t<\/div>\n\n\t\r\n\r\n<\/div>","protected":false},"excerpt":{"rendered":"","protected":false},"author":6,"featured_media":1920,"parent":0,"menu_order":0,"comment_status":"closed","ping_status":"closed","template":"","meta":[],"acf":[],"yoast_head":"<!-- This site is optimized with the Yoast SEO plugin v20.3 - https:\/\/yoast.com\/wordpress\/plugins\/seo\/ -->\n<title>Quy tr\u00ecnh \u0111i\u1ec1u tr\u1ecb chuy\u00ean nghi\u1ec7p t\u1ea1i ph\u00f2ng kh\u00e1m nha khoa hi\u1ec7n \u0111\u1ea1i<\/title>\n<meta name=\"description\" content=\"Quy tr\u00ecnh \u0111i\u1ec1u tr\u1ecb chuy\u00ean nghi\u1ec7p c\u00f9ng v\u1edbi trang thi\u1ebft b\u1ecb \u1ee9ng d\u1ee5ng c\u00f4ng ngh\u1ec7 cao t\u1ea1o n\u00ean m\u1ed9t nha khoa hi\u1ec7n \u0111\u1ea1i, \u0111\u01b0\u1ee3c \u0111\u1ea7u t\u01b0 ch\u1ec9n chu\" \/>\n<meta name=\"robots\" content=\"index, follow, max-snippet:-1, max-image-preview:large, max-video-preview:-1\" \/>\n<link rel=\"canonical\" href=\"https:\/\/nhakhoaquocdat.com\/en\/quy-trinh-dieu-tri\/\" \/>\n<meta property=\"og:locale\" content=\"en_US\" \/>\n<meta property=\"og:type\" content=\"article\" \/>\n<meta property=\"og:title\" content=\"Quy tr\u00ecnh \u0111i\u1ec1u tr\u1ecb chuy\u00ean nghi\u1ec7p t\u1ea1i ph\u00f2ng kh\u00e1m nha khoa hi\u1ec7n \u0111\u1ea1i\" \/>\n<meta property=\"og:description\" content=\"Quy tr\u00ecnh \u0111i\u1ec1u tr\u1ecb chuy\u00ean nghi\u1ec7p c\u00f9ng v\u1edbi trang thi\u1ebft b\u1ecb \u1ee9ng d\u1ee5ng c\u00f4ng ngh\u1ec7 cao t\u1ea1o n\u00ean m\u1ed9t nha khoa hi\u1ec7n \u0111\u1ea1i, \u0111\u01b0\u1ee3c \u0111\u1ea7u t\u01b0 ch\u1ec9n chu\" \/>\n<meta property=\"og:url\" content=\"https:\/\/nhakhoaquocdat.com\/en\/quy-trinh-dieu-tri\/\" \/>\n<meta property=\"og:site_name\" content=\"Ph\u00f2ng kh\u00e1m Nha khoa Qu\u1ed1c \u0110\u1ea1t\" \/>\n<meta property=\"article:modified_time\" content=\"2023-03-10T03:36:31+00:00\" \/>\n<meta property=\"og:image\" content=\"https:\/\/nhakhoaquocdat.com\/wp-content\/uploads\/2022\/05\/278965067_292704619700250_5793755989772985689_n-1.jpg\" \/>\n\t<meta property=\"og:image:width\" content=\"2048\" \/>\n\t<meta property=\"og:image:height\" content=\"1536\" \/>\n\t<meta property=\"og:image:type\" content=\"image\/jpeg\" \/>\n<meta name=\"twitter:card\" content=\"summary_large_image\" \/>\n<script type=\"application\/ld+json\" class=\"yoast-schema-graph\">{\"@context\":\"https:\/\/schema.org\",\"@graph\":[{\"@type\":\"WebPage\",\"@id\":\"https:\/\/nhakhoaquocdat.com\/quy-trinh-dieu-tri\",\"url\":\"https:\/\/nhakhoaquocdat.com\/quy-trinh-dieu-tri\",\"name\":\"Quy tr\u00ecnh \u0111i\u1ec1u tr\u1ecb chuy\u00ean nghi\u1ec7p t\u1ea1i ph\u00f2ng kh\u00e1m nha khoa hi\u1ec7n \u0111\u1ea1i\",\"isPartOf\":{\"@id\":\"https:\/\/nhakhoaquocdat.com\/#website\"},\"datePublished\":\"2022-05-11T10:36:24+00:00\",\"dateModified\":\"2023-03-10T03:36:31+00:00\",\"description\":\"Quy tr\u00ecnh \u0111i\u1ec1u tr\u1ecb chuy\u00ean nghi\u1ec7p c\u00f9ng v\u1edbi trang thi\u1ebft b\u1ecb \u1ee9ng d\u1ee5ng c\u00f4ng ngh\u1ec7 cao t\u1ea1o n\u00ean m\u1ed9t nha khoa hi\u1ec7n \u0111\u1ea1i, \u0111\u01b0\u1ee3c \u0111\u1ea7u t\u01b0 ch\u1ec9n chu\",\"breadcrumb\":{\"@id\":\"https:\/\/nhakhoaquocdat.com\/quy-trinh-dieu-tri#breadcrumb\"},\"inLanguage\":\"en-US\",\"potentialAction\":[{\"@type\":\"ReadAction\",\"target\":[\"https:\/\/nhakhoaquocdat.com\/quy-trinh-dieu-tri\"]}]},{\"@type\":\"BreadcrumbList\",\"@id\":\"https:\/\/nhakhoaquocdat.com\/quy-trinh-dieu-tri#breadcrumb\",\"itemListElement\":[{\"@type\":\"ListItem\",\"position\":1,\"name\":\"Trang ch\u1ee7\",\"item\":\"https:\/\/nhakhoaquocdat.com\/\"},{\"@type\":\"ListItem\",\"position\":2,\"name\":\"Quy tr\u00ecnh \u0111i\u1ec1u tr\u1ecb\"}]},{\"@type\":\"WebSite\",\"@id\":\"https:\/\/nhakhoaquocdat.com\/#website\",\"url\":\"https:\/\/nhakhoaquocdat.com\/\",\"name\":\"Ph\u00f2ng kh\u00e1m Nha khoa Qu\u1ed1c \u0110\u1ea1t\",\"description\":\"Trao ni\u1ec1m tin, Tr\u1ecdn n\u1ee5 c\u01b0\u1eddi\",\"potentialAction\":[{\"@type\":\"SearchAction\",\"target\":{\"@type\":\"EntryPoint\",\"urlTemplate\":\"https:\/\/nhakhoaquocdat.com\/?s={search_term_string}\"},\"query-input\":\"required name=search_term_string\"}],\"inLanguage\":\"en-US\"}]}<\/script>\n<!-- \/ Yoast SEO plugin. -->","yoast_head_json":{"title":"Quy tr\u00ecnh \u0111i\u1ec1u tr\u1ecb chuy\u00ean nghi\u1ec7p t\u1ea1i ph\u00f2ng kh\u00e1m nha khoa hi\u1ec7n \u0111\u1ea1i","description":"Quy tr\u00ecnh \u0111i\u1ec1u tr\u1ecb chuy\u00ean nghi\u1ec7p c\u00f9ng v\u1edbi trang thi\u1ebft b\u1ecb \u1ee9ng d\u1ee5ng c\u00f4ng ngh\u1ec7 cao t\u1ea1o n\u00ean m\u1ed9t nha khoa hi\u1ec7n \u0111\u1ea1i, \u0111\u01b0\u1ee3c \u0111\u1ea7u t\u01b0 ch\u1ec9n chu","robots":{"index":"index","follow":"follow","max-snippet":"max-snippet:-1","max-image-preview":"max-image-preview:large","max-video-preview":"max-video-preview:-1"},"canonical":"https:\/\/nhakhoaquocdat.com\/en\/quy-trinh-dieu-tri\/","og_locale":"en_US","og_type":"article","og_title":"Quy tr\u00ecnh \u0111i\u1ec1u tr\u1ecb chuy\u00ean nghi\u1ec7p t\u1ea1i ph\u00f2ng kh\u00e1m nha khoa hi\u1ec7n \u0111\u1ea1i","og_description":"Quy tr\u00ecnh \u0111i\u1ec1u tr\u1ecb chuy\u00ean nghi\u1ec7p c\u00f9ng v\u1edbi trang thi\u1ebft b\u1ecb \u1ee9ng d\u1ee5ng c\u00f4ng ngh\u1ec7 cao t\u1ea1o n\u00ean m\u1ed9t nha khoa hi\u1ec7n \u0111\u1ea1i, \u0111\u01b0\u1ee3c \u0111\u1ea7u t\u01b0 ch\u1ec9n chu","og_url":"https:\/\/nhakhoaquocdat.com\/en\/quy-trinh-dieu-tri\/","og_site_name":"Ph\u00f2ng kh\u00e1m Nha khoa Qu\u1ed1c \u0110\u1ea1t","article_modified_time":"2023-03-10T03:36:31+00:00","og_image":[{"width":2048,"height":1536,"url":"https:\/\/nhakhoaquocdat.com\/wp-content\/uploads\/2022\/05\/278965067_292704619700250_5793755989772985689_n-1.jpg","type":"image\/jpeg"}],"twitter_card":"summary_large_image","schema":{"@context":"https:\/\/schema.org","@graph":[{"@type":"WebPage","@id":"https:\/\/nhakhoaquocdat.com\/quy-trinh-dieu-tri","url":"https:\/\/nhakhoaquocdat.com\/quy-trinh-dieu-tri","name":"Quy tr\u00ecnh \u0111i\u1ec1u tr\u1ecb chuy\u00ean nghi\u1ec7p t\u1ea1i ph\u00f2ng kh\u00e1m nha khoa hi\u1ec7n \u0111\u1ea1i","isPartOf":{"@id":"https:\/\/nhakhoaquocdat.com\/#website"},"datePublished":"2022-05-11T10:36:24+00:00","dateModified":"2023-03-10T03:36:31+00:00","description":"Quy tr\u00ecnh \u0111i\u1ec1u tr\u1ecb chuy\u00ean nghi\u1ec7p c\u00f9ng v\u1edbi trang thi\u1ebft b\u1ecb \u1ee9ng d\u1ee5ng c\u00f4ng ngh\u1ec7 cao t\u1ea1o n\u00ean m\u1ed9t nha khoa hi\u1ec7n \u0111\u1ea1i, \u0111\u01b0\u1ee3c \u0111\u1ea7u t\u01b0 ch\u1ec9n chu","breadcrumb":{"@id":"https:\/\/nhakhoaquocdat.com\/quy-trinh-dieu-tri#breadcrumb"},"inLanguage":"en-US","potentialAction":[{"@type":"ReadAction","target":["https:\/\/nhakhoaquocdat.com\/quy-trinh-dieu-tri"]}]},{"@type":"BreadcrumbList","@id":"https:\/\/nhakhoaquocdat.com\/quy-trinh-dieu-tri#breadcrumb","itemListElement":[{"@type":"ListItem","position":1,"name":"Trang ch\u1ee7","item":"https:\/\/nhakhoaquocdat.com\/"},{"@type":"ListItem","position":2,"name":"Quy tr\u00ecnh \u0111i\u1ec1u tr\u1ecb"}]},{"@type":"WebSite","@id":"https:\/\/nhakhoaquocdat.com\/#website","url":"https:\/\/nhakhoaquocdat.com\/","name":"Ph\u00f2ng kh\u00e1m Nha khoa Qu\u1ed1c \u0110\u1ea1t","description":"Trao ni\u1ec1m tin, Tr\u1ecdn n\u1ee5 c\u01b0\u1eddi","potentialAction":[{"@type":"SearchAction","target":{"@type":"EntryPoint","urlTemplate":"https:\/\/nhakhoaquocdat.com\/?s={search_term_string}"},"query-input":"required name=search_term_string"}],"inLanguage":"en-US"}]}},"_links":{"self":[{"href":"https:\/\/nhakhoaquocdat.com\/en\/wp-json\/wp\/v2\/pages\/1698"}],"collection":[{"href":"https:\/\/nhakhoaquocdat.com\/en\/wp-json\/wp\/v2\/pages"}],"about":[{"href":"https:\/\/nhakhoaquocdat.com\/en\/wp-json\/wp\/v2\/types\/page"}],"author":[{"embeddable":true,"href":"https:\/\/nhakhoaquocdat.com\/en\/wp-json\/wp\/v2\/users\/6"}],"replies":[{"embeddable":true,"href":"https:\/\/nhakhoaquocdat.com\/en\/wp-json\/wp\/v2\/comments?post=1698"}],"version-history":[{"count":21,"href":"https:\/\/nhakhoaquocdat.com\/en\/wp-json\/wp\/v2\/pages\/1698\/revisions"}],"predecessor-version":[{"id":2332,"href":"https:\/\/nhakhoaquocdat.com\/en\/wp-json\/wp\/v2\/pages\/1698\/revisions\/2332"}],"wp:featuredmedia":[{"embeddable":true,"href":"https:\/\/nhakhoaquocdat.com\/en\/wp-json\/wp\/v2\/media\/1920"}],"wp:attachment":[{"href":"https:\/\/nhakhoaquocdat.com\/en\/wp-json\/wp\/v2\/media?parent=1698"}],"curies":[{"name":"wp","href":"https:\/\/api.w.org\/{rel}","templated":true}]}}